{"id":1236,"date":"2019-02-07T07:59:09","date_gmt":"2019-02-07T12:59:09","guid":{"rendered":"http:\/\/simcoe.turnbull.co\/?page_id=1236"},"modified":"2019-02-07T07:59:09","modified_gmt":"2019-02-07T12:59:09","slug":"affiches-offre-de-services-juridiques-pour-les-personnes-a-faible-revenu","status":"publish","type":"page","link":"https:\/\/www.communitylegalclinic.ca\/fr\/communautaire\/affiches-offre-de-services-juridiques-pour-les-personnes-a-faible-revenu\/","title":{"rendered":"Affiches \u2013 Offre de services juridiques pour les personnes \u00e0 faible revenu"},"content":{"rendered":"<p>Vous pouvez t\u00e9l\u00e9charger et imprimer nos affiches \u00ab Aide juridique pour les personnes \u00e0 faible revenu \u00bb :<\/p>\n<p><a href=\"\/tcodownloads\/how-to-get-legal-help-simcoe-county\/\" target=\"_blank\" rel=\"noopener\">Comment obtenir de l&rsquo;aide juridique &#8211; Comt\u00e9 de Simcoe (PDF) (disponible en anglais seulement)<\/a><br \/>\n<a href=\"\/tcodownloads\/how-to-get-legal-help-city-of-kawartha-lakes\/\" target=\"_blank\" rel=\"noopener\">Comment obtenir de l&rsquo;aide juridique &#8211; Ville de Kawartha Lakes (PDF) (disponible en anglais seulement)<\/a><br \/>\n<a href=\"\/tcodownloads\/how-to-get-legal-help-county-of-haliburton\/\" target=\"_blank\" rel=\"noopener\">Comment obtenir de l&rsquo;aide juridique &#8211; Comt\u00e9 de Haliburton (PDF) (disponible en anglais seulement)<\/a><\/p>\n<p>Ces affiches sont une ressource populaire pour les organismes communautaires qui peuvent les afficher sur des babillards \u00e9lectroniques et distribuer \u00e0 leurs utilisateurs. Elles permettent aux membres de notre communaut\u00e9 de savoir comment acc\u00e9der \u00e0 des services en droit de la famille et en droit p\u00e9nal ainsi qu&rsquo;aux services juridiques gratuits, tels que ceux fournis par notre clinique.<\/p>\n<p>Nous serions \u00e9galement heureux de vous envoyer des copies des affiches. Veuillez nous envoyer un email avec les d\u00e9tails de votre commande.<\/p>\n","protected":false},"excerpt":{"rendered":"<p>Vous pouvez t\u00e9l\u00e9charger et imprimer nos affiches \u00ab Aide juridique pour les personnes \u00e0 faible revenu \u00bb :<br \/>\n<a href=\"\/tcodownloads\/how-to-get-legal-help-simcoe-county\/\" target=\"_blank\" rel=\"noopener\">Comment obtenir de l&rsquo;aide juridique &#8211; Comt\u00e9 de Simcoe (PDF) (disponible en anglais seulement)<\/a><br \/>\n<a href=\"\/tcodownloads\/how-to-get-legal-help-city-of-kawartha-lakes\/\" target=\"_blank\" rel=\"noopener\">Comment obtenir de l&rsquo;aide juridique &#8211; Ville de Kawartha Lakes (PDF) (disponible en anglais seulement)<\/a><br \/>\n<a href=\"\/tcodownloads\/how-to-get-legal-help-county-of-haliburton\/\" target=\"_blank\" rel=\"noopener\">Comment obtenir de l&rsquo;aide juridique &#8211;<\/a><\/p>\n","protected":false},"author":2,"featured_media":0,"parent":1232,"menu_order":1,"comment_status":"closed","ping_status":"closed","template":"","meta":{"_bbp_topic_count":0,"_bbp_reply_count":0,"_bbp_total_topic_count":0,"_bbp_total_reply_count":0,"_bbp_voice_count":0,"_bbp_anonymous_reply_count":0,"_bbp_topic_count_hidden":0,"_bbp_reply_count_hidden":0,"_bbp_forum_subforum_count":0,"footnotes":""},"class_list":["post-1236","page","type-page","status-publish","hentry"],"yoast_head":"<!-- This site is optimized with the Yoast SEO plugin v27.0 - https:\/\/yoast.com\/product\/yoast-seo-wordpress\/ -->\n<title>Affiches \u2013 Offre de services juridiques pour les personnes \u00e0 faible revenu - Clinique Juridique Communautaire<\/title>\n<meta name=\"robots\" content=\"index, follow, max-snippet:-1, max-image-preview:large, max-video-preview:-1\" \/>\n<link rel=\"canonical\" href=\"https:\/\/www.communitylegalclinic.ca\/fr\/communautaire\/affiches-offre-de-services-juridiques-pour-les-personnes-a-faible-revenu\/\" \/>\n<meta property=\"og:locale\" content=\"fr_FR\" \/>\n<meta property=\"og:type\" content=\"article\" \/>\n<meta property=\"og:title\" content=\"Affiches \u2013 Offre de services juridiques pour les personnes \u00e0 faible revenu - Clinique Juridique Communautaire\" \/>\n<meta property=\"og:description\" content=\"Vous pouvez t\u00e9l\u00e9charger et imprimer nos affiches \u00ab Aide juridique pour les personnes \u00e0 faible revenu \u00bb : Comment obtenir de l&rsquo;aide juridique &#8211; Comt\u00e9 de Simcoe (PDF) (disponible en anglais seulement) Comment obtenir de l&rsquo;aide juridique &#8211; Ville de Kawartha Lakes (PDF) (disponible en anglais seulement) Comment obtenir de l&rsquo;aide juridique &#8211;\" \/>\n<meta property=\"og:url\" content=\"https:\/\/www.communitylegalclinic.ca\/fr\/communautaire\/affiches-offre-de-services-juridiques-pour-les-personnes-a-faible-revenu\/\" \/>\n<meta property=\"og:site_name\" content=\"Clinique Juridique Communautaire\" \/>\n<meta name=\"twitter:card\" content=\"summary_large_image\" \/>\n<meta name=\"twitter:label1\" content=\"Dur\u00e9e de lecture estim\u00e9e\" \/>\n\t<meta name=\"twitter:data1\" content=\"1 minute\" \/>\n<script type=\"application\/ld+json\" class=\"yoast-schema-graph\">{\"@context\":\"https:\/\/schema.org\",\"@graph\":[{\"@type\":\"WebPage\",\"@id\":\"https:\/\/www.communitylegalclinic.ca\/fr\/communautaire\/affiches-offre-de-services-juridiques-pour-les-personnes-a-faible-revenu\/\",\"url\":\"https:\/\/www.communitylegalclinic.ca\/fr\/communautaire\/affiches-offre-de-services-juridiques-pour-les-personnes-a-faible-revenu\/\",\"name\":\"Affiches \u2013 Offre de services juridiques pour les personnes \u00e0 faible revenu - Clinique Juridique Communautaire\",\"isPartOf\":{\"@id\":\"https:\/\/www.communitylegalclinic.ca\/#website\"},\"datePublished\":\"2019-02-07T12:59:09+00:00\",\"breadcrumb\":{\"@id\":\"https:\/\/www.communitylegalclinic.ca\/fr\/communautaire\/affiches-offre-de-services-juridiques-pour-les-personnes-a-faible-revenu\/#breadcrumb\"},\"inLanguage\":\"fr-FR\",\"potentialAction\":[{\"@type\":\"ReadAction\",\"target\":[\"https:\/\/www.communitylegalclinic.ca\/fr\/communautaire\/affiches-offre-de-services-juridiques-pour-les-personnes-a-faible-revenu\/\"]}]},{\"@type\":\"BreadcrumbList\",\"@id\":\"https:\/\/www.communitylegalclinic.ca\/fr\/communautaire\/affiches-offre-de-services-juridiques-pour-les-personnes-a-faible-revenu\/#breadcrumb\",\"itemListElement\":[{\"@type\":\"ListItem\",\"position\":1,\"name\":\"Home\",\"item\":\"https:\/\/www.communitylegalclinic.ca\/fr\/\"},{\"@type\":\"ListItem\",\"position\":2,\"name\":\"Communautaire\",\"item\":\"https:\/\/www.communitylegalclinic.ca\/fr\/communautaire\/\"},{\"@type\":\"ListItem\",\"position\":3,\"name\":\"Affiches \u2013 Offre de services juridiques pour les personnes \u00e0 faible revenu\"}]},{\"@type\":\"WebSite\",\"@id\":\"https:\/\/www.communitylegalclinic.ca\/#website\",\"url\":\"https:\/\/www.communitylegalclinic.ca\/\",\"name\":\"Clinique Juridique Communautaire\",\"description\":\"Simcoe, Haliburton and Kawartha Lakes\",\"potentialAction\":[{\"@type\":\"SearchAction\",\"target\":{\"@type\":\"EntryPoint\",\"urlTemplate\":\"https:\/\/www.communitylegalclinic.ca\/?s={search_term_string}\"},\"query-input\":{\"@type\":\"PropertyValueSpecification\",\"valueRequired\":true,\"valueName\":\"search_term_string\"}}],\"inLanguage\":\"fr-FR\"}]}<\/script>\n<!-- \/ Yoast SEO plugin. -->","yoast_head_json":{"title":"Affiches \u2013 Offre de services juridiques pour les personnes \u00e0 faible revenu - Clinique Juridique Communautaire","robots":{"index":"index","follow":"follow","max-snippet":"max-snippet:-1","max-image-preview":"max-image-preview:large","max-video-preview":"max-video-preview:-1"},"canonical":"https:\/\/www.communitylegalclinic.ca\/fr\/communautaire\/affiches-offre-de-services-juridiques-pour-les-personnes-a-faible-revenu\/","og_locale":"fr_FR","og_type":"article","og_title":"Affiches \u2013 Offre de services juridiques pour les personnes \u00e0 faible revenu - Clinique Juridique Communautaire","og_description":"Vous pouvez t\u00e9l\u00e9charger et imprimer nos affiches \u00ab Aide juridique pour les personnes \u00e0 faible revenu \u00bb : Comment obtenir de l&rsquo;aide juridique &#8211; Comt\u00e9 de Simcoe (PDF) (disponible en anglais seulement) Comment obtenir de l&rsquo;aide juridique &#8211; Ville de Kawartha Lakes (PDF) (disponible en anglais seulement) Comment obtenir de l&rsquo;aide juridique &#8211;","og_url":"https:\/\/www.communitylegalclinic.ca\/fr\/communautaire\/affiches-offre-de-services-juridiques-pour-les-personnes-a-faible-revenu\/","og_site_name":"Clinique Juridique Communautaire","twitter_card":"summary_large_image","twitter_misc":{"Dur\u00e9e de lecture estim\u00e9e":"1 minute"},"schema":{"@context":"https:\/\/schema.org","@graph":[{"@type":"WebPage","@id":"https:\/\/www.communitylegalclinic.ca\/fr\/communautaire\/affiches-offre-de-services-juridiques-pour-les-personnes-a-faible-revenu\/","url":"https:\/\/www.communitylegalclinic.ca\/fr\/communautaire\/affiches-offre-de-services-juridiques-pour-les-personnes-a-faible-revenu\/","name":"Affiches \u2013 Offre de services juridiques pour les personnes \u00e0 faible revenu - Clinique Juridique Communautaire","isPartOf":{"@id":"https:\/\/www.communitylegalclinic.ca\/#website"},"datePublished":"2019-02-07T12:59:09+00:00","breadcrumb":{"@id":"https:\/\/www.communitylegalclinic.ca\/fr\/communautaire\/affiches-offre-de-services-juridiques-pour-les-personnes-a-faible-revenu\/#breadcrumb"},"inLanguage":"fr-FR","potentialAction":[{"@type":"ReadAction","target":["https:\/\/www.communitylegalclinic.ca\/fr\/communautaire\/affiches-offre-de-services-juridiques-pour-les-personnes-a-faible-revenu\/"]}]},{"@type":"BreadcrumbList","@id":"https:\/\/www.communitylegalclinic.ca\/fr\/communautaire\/affiches-offre-de-services-juridiques-pour-les-personnes-a-faible-revenu\/#breadcrumb","itemListElement":[{"@type":"ListItem","position":1,"name":"Home","item":"https:\/\/www.communitylegalclinic.ca\/fr\/"},{"@type":"ListItem","position":2,"name":"Communautaire","item":"https:\/\/www.communitylegalclinic.ca\/fr\/communautaire\/"},{"@type":"ListItem","position":3,"name":"Affiches \u2013 Offre de services juridiques pour les personnes \u00e0 faible revenu"}]},{"@type":"WebSite","@id":"https:\/\/www.communitylegalclinic.ca\/#website","url":"https:\/\/www.communitylegalclinic.ca\/","name":"Clinique Juridique Communautaire","description":"Simcoe, Haliburton and Kawartha Lakes","potentialAction":[{"@type":"SearchAction","target":{"@type":"EntryPoint","urlTemplate":"https:\/\/www.communitylegalclinic.ca\/?s={search_term_string}"},"query-input":{"@type":"PropertyValueSpecification","valueRequired":true,"valueName":"search_term_string"}}],"inLanguage":"fr-FR"}]}},"_links":{"self":[{"href":"https:\/\/www.communitylegalclinic.ca\/fr\/wp-json\/wp\/v2\/pages\/1236","targetHints":{"allow":["GET"]}}],"collection":[{"href":"https:\/\/www.communitylegalclinic.ca\/fr\/wp-json\/wp\/v2\/pages"}],"about":[{"href":"https:\/\/www.communitylegalclinic.ca\/fr\/wp-json\/wp\/v2\/types\/page"}],"author":[{"embeddable":true,"href":"https:\/\/www.communitylegalclinic.ca\/fr\/wp-json\/wp\/v2\/users\/2"}],"replies":[{"embeddable":true,"href":"https:\/\/www.communitylegalclinic.ca\/fr\/wp-json\/wp\/v2\/comments?post=1236"}],"version-history":[{"count":1,"href":"https:\/\/www.communitylegalclinic.ca\/fr\/wp-json\/wp\/v2\/pages\/1236\/revisions"}],"predecessor-version":[{"id":1237,"href":"https:\/\/www.communitylegalclinic.ca\/fr\/wp-json\/wp\/v2\/pages\/1236\/revisions\/1237"}],"up":[{"embeddable":true,"href":"https:\/\/www.communitylegalclinic.ca\/fr\/wp-json\/wp\/v2\/pages\/1232"}],"wp:attachment":[{"href":"https:\/\/www.communitylegalclinic.ca\/fr\/wp-json\/wp\/v2\/media?parent=1236"}],"curies":[{"name":"wp","href":"https:\/\/api.w.org\/{rel}","templated":true}]}}