{"id":1230,"date":"2019-02-07T07:54:27","date_gmt":"2019-02-07T12:54:27","guid":{"rendered":"http:\/\/simcoe.turnbull.co\/?page_id=1230"},"modified":"2019-03-13T13:38:09","modified_gmt":"2019-03-13T17:38:09","slug":"developpement-communautaire","status":"publish","type":"page","link":"https:\/\/www.communitylegalclinic.ca\/fr\/communautaire\/developpement-communautaire\/","title":{"rendered":"D\u00e9veloppement communautaire"},"content":{"rendered":"<p>Nous aidons les groupes \u00e0 faire respecter leurs droits en regroupant les probl\u00e9matiques juridiques communes selon les besoins sp\u00e9cifiques des personnes \u00e0 faible revenu. Nous r\u00e9pondons aux demandes de particuliers, de groupes et d&rsquo;organismes pour \u00e9valuer leurs besoins.<\/p>\n","protected":false},"excerpt":{"rendered":"<p>Nous aidons les groupes \u00e0 faire respecter leurs droits en regroupant les probl\u00e9matiques juridiques communes selon les besoins sp\u00e9cifiques des personnes \u00e0 faible revenu. Nous r\u00e9pondons aux demandes de particuliers, de groupes et d&rsquo;organismes pour \u00e9valuer leurs besoins.<\/p>\n","protected":false},"author":2,"featured_media":0,"parent":1232,"menu_order":0,"comment_status":"closed","ping_status":"closed","template":"","meta":{"_bbp_topic_count":0,"_bbp_reply_count":0,"_bbp_total_topic_count":0,"_bbp_total_reply_count":0,"_bbp_voice_count":0,"_bbp_anonymous_reply_count":0,"_bbp_topic_count_hidden":0,"_bbp_reply_count_hidden":0,"_bbp_forum_subforum_count":0,"footnotes":""},"class_list":["post-1230","page","type-page","status-publish","hentry"],"yoast_head":"<!-- This site is optimized with the Yoast SEO plugin v27.0 - https:\/\/yoast.com\/product\/yoast-seo-wordpress\/ -->\n<title>D\u00e9veloppement communautaire - Clinique Juridique Communautaire<\/title>\n<meta name=\"robots\" content=\"index, follow, max-snippet:-1, max-image-preview:large, max-video-preview:-1\" \/>\n<link rel=\"canonical\" href=\"https:\/\/www.communitylegalclinic.ca\/fr\/communautaire\/developpement-communautaire\/\" \/>\n<meta property=\"og:locale\" content=\"fr_FR\" \/>\n<meta property=\"og:type\" content=\"article\" \/>\n<meta property=\"og:title\" content=\"D\u00e9veloppement communautaire - Clinique Juridique Communautaire\" \/>\n<meta property=\"og:description\" content=\"Nous aidons les groupes \u00e0 faire respecter leurs droits en regroupant les probl\u00e9matiques juridiques communes selon les besoins sp\u00e9cifiques des personnes \u00e0 faible revenu. Nous r\u00e9pondons aux demandes de particuliers, de groupes et d&rsquo;organismes pour \u00e9valuer leurs besoins.\" \/>\n<meta property=\"og:url\" content=\"https:\/\/www.communitylegalclinic.ca\/fr\/communautaire\/developpement-communautaire\/\" \/>\n<meta property=\"og:site_name\" content=\"Clinique Juridique Communautaire\" \/>\n<meta property=\"article:modified_time\" content=\"2019-03-13T17:38:09+00:00\" \/>\n<meta name=\"twitter:card\" content=\"summary_large_image\" \/>\n<script type=\"application\/ld+json\" class=\"yoast-schema-graph\">{\"@context\":\"https:\/\/schema.org\",\"@graph\":[{\"@type\":\"WebPage\",\"@id\":\"https:\/\/www.communitylegalclinic.ca\/fr\/communautaire\/developpement-communautaire\/\",\"url\":\"https:\/\/www.communitylegalclinic.ca\/fr\/communautaire\/developpement-communautaire\/\",\"name\":\"D\u00e9veloppement communautaire - Clinique Juridique Communautaire\",\"isPartOf\":{\"@id\":\"https:\/\/www.communitylegalclinic.ca\/#website\"},\"datePublished\":\"2019-02-07T12:54:27+00:00\",\"dateModified\":\"2019-03-13T17:38:09+00:00\",\"breadcrumb\":{\"@id\":\"https:\/\/www.communitylegalclinic.ca\/fr\/communautaire\/developpement-communautaire\/#breadcrumb\"},\"inLanguage\":\"fr-FR\",\"potentialAction\":[{\"@type\":\"ReadAction\",\"target\":[\"https:\/\/www.communitylegalclinic.ca\/fr\/communautaire\/developpement-communautaire\/\"]}]},{\"@type\":\"BreadcrumbList\",\"@id\":\"https:\/\/www.communitylegalclinic.ca\/fr\/communautaire\/developpement-communautaire\/#breadcrumb\",\"itemListElement\":[{\"@type\":\"ListItem\",\"position\":1,\"name\":\"Home\",\"item\":\"https:\/\/www.communitylegalclinic.ca\/fr\/\"},{\"@type\":\"ListItem\",\"position\":2,\"name\":\"Communautaire\",\"item\":\"https:\/\/www.communitylegalclinic.ca\/fr\/communautaire\/\"},{\"@type\":\"ListItem\",\"position\":3,\"name\":\"D\u00e9veloppement communautaire\"}]},{\"@type\":\"WebSite\",\"@id\":\"https:\/\/www.communitylegalclinic.ca\/#website\",\"url\":\"https:\/\/www.communitylegalclinic.ca\/\",\"name\":\"Clinique Juridique Communautaire\",\"description\":\"Simcoe, Haliburton and Kawartha Lakes\",\"potentialAction\":[{\"@type\":\"SearchAction\",\"target\":{\"@type\":\"EntryPoint\",\"urlTemplate\":\"https:\/\/www.communitylegalclinic.ca\/?s={search_term_string}\"},\"query-input\":{\"@type\":\"PropertyValueSpecification\",\"valueRequired\":true,\"valueName\":\"search_term_string\"}}],\"inLanguage\":\"fr-FR\"}]}<\/script>\n<!-- \/ Yoast SEO plugin. -->","yoast_head_json":{"title":"D\u00e9veloppement communautaire - Clinique Juridique Communautaire","robots":{"index":"index","follow":"follow","max-snippet":"max-snippet:-1","max-image-preview":"max-image-preview:large","max-video-preview":"max-video-preview:-1"},"canonical":"https:\/\/www.communitylegalclinic.ca\/fr\/communautaire\/developpement-communautaire\/","og_locale":"fr_FR","og_type":"article","og_title":"D\u00e9veloppement communautaire - Clinique Juridique Communautaire","og_description":"Nous aidons les groupes \u00e0 faire respecter leurs droits en regroupant les probl\u00e9matiques juridiques communes selon les besoins sp\u00e9cifiques des personnes \u00e0 faible revenu. Nous r\u00e9pondons aux demandes de particuliers, de groupes et d&rsquo;organismes pour \u00e9valuer leurs besoins.","og_url":"https:\/\/www.communitylegalclinic.ca\/fr\/communautaire\/developpement-communautaire\/","og_site_name":"Clinique Juridique Communautaire","article_modified_time":"2019-03-13T17:38:09+00:00","twitter_card":"summary_large_image","schema":{"@context":"https:\/\/schema.org","@graph":[{"@type":"WebPage","@id":"https:\/\/www.communitylegalclinic.ca\/fr\/communautaire\/developpement-communautaire\/","url":"https:\/\/www.communitylegalclinic.ca\/fr\/communautaire\/developpement-communautaire\/","name":"D\u00e9veloppement communautaire - Clinique Juridique Communautaire","isPartOf":{"@id":"https:\/\/www.communitylegalclinic.ca\/#website"},"datePublished":"2019-02-07T12:54:27+00:00","dateModified":"2019-03-13T17:38:09+00:00","breadcrumb":{"@id":"https:\/\/www.communitylegalclinic.ca\/fr\/communautaire\/developpement-communautaire\/#breadcrumb"},"inLanguage":"fr-FR","potentialAction":[{"@type":"ReadAction","target":["https:\/\/www.communitylegalclinic.ca\/fr\/communautaire\/developpement-communautaire\/"]}]},{"@type":"BreadcrumbList","@id":"https:\/\/www.communitylegalclinic.ca\/fr\/communautaire\/developpement-communautaire\/#breadcrumb","itemListElement":[{"@type":"ListItem","position":1,"name":"Home","item":"https:\/\/www.communitylegalclinic.ca\/fr\/"},{"@type":"ListItem","position":2,"name":"Communautaire","item":"https:\/\/www.communitylegalclinic.ca\/fr\/communautaire\/"},{"@type":"ListItem","position":3,"name":"D\u00e9veloppement communautaire"}]},{"@type":"WebSite","@id":"https:\/\/www.communitylegalclinic.ca\/#website","url":"https:\/\/www.communitylegalclinic.ca\/","name":"Clinique Juridique Communautaire","description":"Simcoe, Haliburton and Kawartha Lakes","potentialAction":[{"@type":"SearchAction","target":{"@type":"EntryPoint","urlTemplate":"https:\/\/www.communitylegalclinic.ca\/?s={search_term_string}"},"query-input":{"@type":"PropertyValueSpecification","valueRequired":true,"valueName":"search_term_string"}}],"inLanguage":"fr-FR"}]}},"_links":{"self":[{"href":"https:\/\/www.communitylegalclinic.ca\/fr\/wp-json\/wp\/v2\/pages\/1230","targetHints":{"allow":["GET"]}}],"collection":[{"href":"https:\/\/www.communitylegalclinic.ca\/fr\/wp-json\/wp\/v2\/pages"}],"about":[{"href":"https:\/\/www.communitylegalclinic.ca\/fr\/wp-json\/wp\/v2\/types\/page"}],"author":[{"embeddable":true,"href":"https:\/\/www.communitylegalclinic.ca\/fr\/wp-json\/wp\/v2\/users\/2"}],"replies":[{"embeddable":true,"href":"https:\/\/www.communitylegalclinic.ca\/fr\/wp-json\/wp\/v2\/comments?post=1230"}],"version-history":[{"count":2,"href":"https:\/\/www.communitylegalclinic.ca\/fr\/wp-json\/wp\/v2\/pages\/1230\/revisions"}],"predecessor-version":[{"id":1273,"href":"https:\/\/www.communitylegalclinic.ca\/fr\/wp-json\/wp\/v2\/pages\/1230\/revisions\/1273"}],"up":[{"embeddable":true,"href":"https:\/\/www.communitylegalclinic.ca\/fr\/wp-json\/wp\/v2\/pages\/1232"}],"wp:attachment":[{"href":"https:\/\/www.communitylegalclinic.ca\/fr\/wp-json\/wp\/v2\/media?parent=1230"}],"curies":[{"name":"wp","href":"https:\/\/api.w.org\/{rel}","templated":true}]}}