{"id":1142,"date":"2019-01-19T14:18:10","date_gmt":"2019-01-19T19:18:10","guid":{"rendered":"http:\/\/simcoe.turnbull.co\/?page_id=1142"},"modified":"2019-03-13T13:45:42","modified_gmt":"2019-03-13T17:45:42","slug":"qui-est-admissible","status":"publish","type":"page","link":"https:\/\/www.communitylegalclinic.ca\/fr\/types-de-cas\/qui-est-admissible\/","title":{"rendered":"Qui est admissible?"},"content":{"rendered":"<p>Le niveau de revenu et le <a href=\"\/fr\/types-de-cas\/types-de-cas\/\">type de probl\u00e8me juridique<\/a> d\u00e9terminent l&rsquo;admissibilit\u00e9. Nous analysons vos sources de revenus, le nombre de personnes \u00e0 charge, vos d\u00e9penses et vos actifs. Les donn\u00e9es relatives \u00e0 l&rsquo;admissibilit\u00e9 au revenu r\u00e9el sont indiqu\u00e9es dans le tableau ci-dessous. Toutefois, ces points de rep\u00e8re sont actuellement en r\u00e9vision.<\/p>\n<p><strong>Crit\u00e8res d\u2019admissibilit\u00e9<\/strong><br \/>\n<strong>Avril 2016<\/strong><\/p>\n<h3>Revenus<\/h3>\n<table>\n<tbody>\n<tr>\n<th>Famille<\/th>\n<th colspan=\"2\">Famille \u2013 un adulte (Brut)<\/th>\n<th colspan=\"2\">Famille \u2013 2 adultes (Brut)<\/th>\n<\/tr>\n<tr>\n<td>\u00a0(taille)<\/td>\n<td>Automatique<\/td>\n<td>Discr\u00e9tionnaire<\/td>\n<td>Automatique<\/td>\n<td>Discr\u00e9tionnaire<\/td>\n<\/tr>\n<tr>\n<td>1<\/td>\n<td>21,144 $<\/td>\n<td>22,720 $<\/td>\n<td>&#8211;<\/td>\n<td>&#8211;<\/td>\n<\/tr>\n<tr>\n<td>2<\/td>\n<td>24,490 $<\/td>\n<td>32,131 $<\/td>\n<td>28,638 $<\/td>\n<td>32,131 $<\/td>\n<\/tr>\n<tr>\n<td>3<\/td>\n<td>28,638 $<\/td>\n<td>39,143 $<\/td>\n<td>30,980 $<\/td>\n<td>39,352 $<\/td>\n<\/tr>\n<tr>\n<td>4<\/td>\n<td>30,980 $<\/td>\n<td>42,288 $<\/td>\n<td>34,192 $<\/td>\n<td>45,440 $<\/td>\n<\/tr>\n<tr>\n<td>5<\/td>\n<td>34,192 $<\/td>\n<td>46,303 $<\/td>\n<td>36,667 $<\/td>\n<td>49,648 $<\/td>\n<\/tr>\n<tr>\n<td>6<\/td>\n<td>36,667 $<\/td>\n<td>50,518 $<\/td>\n<td>39,876 $<\/td>\n<td>50,803 $<\/td>\n<\/tr>\n<\/tbody>\n<\/table>\n<h3>Actifs<\/h3>\n<table>\n<tbody>\n<tr>\n<th>Taille de la famille<\/th>\n<th>Limite d\u2019actifs<\/th>\n<\/tr>\n<tr>\n<td>C\u00e9libataire<\/td>\n<td>8,933 $<\/td>\n<\/tr>\n<tr>\n<td>Famille (incluant conjoint cohabitant)<\/td>\n<td>11,910 $<\/td>\n<\/tr>\n<\/tbody>\n<\/table>\n<p>Un certain nombre de facteurs sont pris en consid\u00e9ration lorsque nous prenons une d\u00e9cision concernant l&rsquo;admissibilit\u00e9 au revenu. Selon votre situation, vous pourriez \u00eatre admissible \u00e0 recevoir des services, m\u00eame si votre revenu est sup\u00e9rieur \u00e0 ces lignes directrices. Veuillez <a href=\"\/fr\/contactez-nous\/\">communiquer <\/a>avec notre bureau pour plus d&rsquo;informations.<\/p>\n","protected":false},"excerpt":{"rendered":"<p>Le niveau de revenu et le <a href=\"\/fr\/types-de-cas\/types-de-cas\/\">type de probl\u00e8me juridique<\/a> d\u00e9terminent l&rsquo;admissibilit\u00e9. Nous analysons vos sources de revenus, le nombre de personnes \u00e0 charge, vos d\u00e9penses et vos actifs. Les donn\u00e9es relatives \u00e0 l&rsquo;admissibilit\u00e9 au revenu r\u00e9el sont indiqu\u00e9es dans le tableau ci-dessous. Toutefois, ces points de rep\u00e8re sont actuellement en r\u00e9vision.<\/p>\n","protected":false},"author":2,"featured_media":0,"parent":1136,"menu_order":3,"comment_status":"closed","ping_status":"closed","template":"","meta":{"_bbp_topic_count":0,"_bbp_reply_count":0,"_bbp_total_topic_count":0,"_bbp_total_reply_count":0,"_bbp_voice_count":0,"_bbp_anonymous_reply_count":0,"_bbp_topic_count_hidden":0,"_bbp_reply_count_hidden":0,"_bbp_forum_subforum_count":0,"footnotes":""},"class_list":["post-1142","page","type-page","status-publish","hentry"],"yoast_head":"<!-- This site is optimized with the Yoast SEO plugin v27.0 - https:\/\/yoast.com\/product\/yoast-seo-wordpress\/ -->\n<title>Qui est admissible? - Clinique Juridique Communautaire<\/title>\n<meta name=\"robots\" content=\"index, follow, max-snippet:-1, max-image-preview:large, max-video-preview:-1\" \/>\n<link rel=\"canonical\" href=\"https:\/\/www.communitylegalclinic.ca\/fr\/types-de-cas\/qui-est-admissible\/\" \/>\n<meta property=\"og:locale\" content=\"fr_FR\" \/>\n<meta property=\"og:type\" content=\"article\" \/>\n<meta property=\"og:title\" content=\"Qui est admissible? - Clinique Juridique Communautaire\" \/>\n<meta property=\"og:description\" content=\"Le niveau de revenu et le type de probl\u00e8me juridique d\u00e9terminent l&rsquo;admissibilit\u00e9. Nous analysons vos sources de revenus, le nombre de personnes \u00e0 charge, vos d\u00e9penses et vos actifs. Les donn\u00e9es relatives \u00e0 l&rsquo;admissibilit\u00e9 au revenu r\u00e9el sont indiqu\u00e9es dans le tableau ci-dessous. Toutefois, ces points de rep\u00e8re sont actuellement en r\u00e9vision.\" \/>\n<meta property=\"og:url\" content=\"https:\/\/www.communitylegalclinic.ca\/fr\/types-de-cas\/qui-est-admissible\/\" \/>\n<meta property=\"og:site_name\" content=\"Clinique Juridique Communautaire\" \/>\n<meta property=\"article:modified_time\" content=\"2019-03-13T17:45:42+00:00\" \/>\n<meta name=\"twitter:card\" content=\"summary_large_image\" \/>\n<meta name=\"twitter:label1\" content=\"Dur\u00e9e de lecture estim\u00e9e\" \/>\n\t<meta name=\"twitter:data1\" content=\"1 minute\" \/>\n<script type=\"application\/ld+json\" class=\"yoast-schema-graph\">{\"@context\":\"https:\/\/schema.org\",\"@graph\":[{\"@type\":\"WebPage\",\"@id\":\"https:\/\/www.communitylegalclinic.ca\/fr\/types-de-cas\/qui-est-admissible\/\",\"url\":\"https:\/\/www.communitylegalclinic.ca\/fr\/types-de-cas\/qui-est-admissible\/\",\"name\":\"Qui est admissible? - Clinique Juridique Communautaire\",\"isPartOf\":{\"@id\":\"https:\/\/www.communitylegalclinic.ca\/#website\"},\"datePublished\":\"2019-01-19T19:18:10+00:00\",\"dateModified\":\"2019-03-13T17:45:42+00:00\",\"breadcrumb\":{\"@id\":\"https:\/\/www.communitylegalclinic.ca\/fr\/types-de-cas\/qui-est-admissible\/#breadcrumb\"},\"inLanguage\":\"fr-FR\",\"potentialAction\":[{\"@type\":\"ReadAction\",\"target\":[\"https:\/\/www.communitylegalclinic.ca\/fr\/types-de-cas\/qui-est-admissible\/\"]}]},{\"@type\":\"BreadcrumbList\",\"@id\":\"https:\/\/www.communitylegalclinic.ca\/fr\/types-de-cas\/qui-est-admissible\/#breadcrumb\",\"itemListElement\":[{\"@type\":\"ListItem\",\"position\":1,\"name\":\"Home\",\"item\":\"https:\/\/www.communitylegalclinic.ca\/fr\/\"},{\"@type\":\"ListItem\",\"position\":2,\"name\":\"Types de cas\",\"item\":\"https:\/\/www.communitylegalclinic.ca\/fr\/types-de-cas\/\"},{\"@type\":\"ListItem\",\"position\":3,\"name\":\"Qui est admissible?\"}]},{\"@type\":\"WebSite\",\"@id\":\"https:\/\/www.communitylegalclinic.ca\/#website\",\"url\":\"https:\/\/www.communitylegalclinic.ca\/\",\"name\":\"Clinique Juridique Communautaire\",\"description\":\"Simcoe, Haliburton and Kawartha Lakes\",\"potentialAction\":[{\"@type\":\"SearchAction\",\"target\":{\"@type\":\"EntryPoint\",\"urlTemplate\":\"https:\/\/www.communitylegalclinic.ca\/?s={search_term_string}\"},\"query-input\":{\"@type\":\"PropertyValueSpecification\",\"valueRequired\":true,\"valueName\":\"search_term_string\"}}],\"inLanguage\":\"fr-FR\"}]}<\/script>\n<!-- \/ Yoast SEO plugin. -->","yoast_head_json":{"title":"Qui est admissible? - Clinique Juridique Communautaire","robots":{"index":"index","follow":"follow","max-snippet":"max-snippet:-1","max-image-preview":"max-image-preview:large","max-video-preview":"max-video-preview:-1"},"canonical":"https:\/\/www.communitylegalclinic.ca\/fr\/types-de-cas\/qui-est-admissible\/","og_locale":"fr_FR","og_type":"article","og_title":"Qui est admissible? - Clinique Juridique Communautaire","og_description":"Le niveau de revenu et le type de probl\u00e8me juridique d\u00e9terminent l&rsquo;admissibilit\u00e9. Nous analysons vos sources de revenus, le nombre de personnes \u00e0 charge, vos d\u00e9penses et vos actifs. Les donn\u00e9es relatives \u00e0 l&rsquo;admissibilit\u00e9 au revenu r\u00e9el sont indiqu\u00e9es dans le tableau ci-dessous. Toutefois, ces points de rep\u00e8re sont actuellement en r\u00e9vision.","og_url":"https:\/\/www.communitylegalclinic.ca\/fr\/types-de-cas\/qui-est-admissible\/","og_site_name":"Clinique Juridique Communautaire","article_modified_time":"2019-03-13T17:45:42+00:00","twitter_card":"summary_large_image","twitter_misc":{"Dur\u00e9e de lecture estim\u00e9e":"1 minute"},"schema":{"@context":"https:\/\/schema.org","@graph":[{"@type":"WebPage","@id":"https:\/\/www.communitylegalclinic.ca\/fr\/types-de-cas\/qui-est-admissible\/","url":"https:\/\/www.communitylegalclinic.ca\/fr\/types-de-cas\/qui-est-admissible\/","name":"Qui est admissible? - Clinique Juridique Communautaire","isPartOf":{"@id":"https:\/\/www.communitylegalclinic.ca\/#website"},"datePublished":"2019-01-19T19:18:10+00:00","dateModified":"2019-03-13T17:45:42+00:00","breadcrumb":{"@id":"https:\/\/www.communitylegalclinic.ca\/fr\/types-de-cas\/qui-est-admissible\/#breadcrumb"},"inLanguage":"fr-FR","potentialAction":[{"@type":"ReadAction","target":["https:\/\/www.communitylegalclinic.ca\/fr\/types-de-cas\/qui-est-admissible\/"]}]},{"@type":"BreadcrumbList","@id":"https:\/\/www.communitylegalclinic.ca\/fr\/types-de-cas\/qui-est-admissible\/#breadcrumb","itemListElement":[{"@type":"ListItem","position":1,"name":"Home","item":"https:\/\/www.communitylegalclinic.ca\/fr\/"},{"@type":"ListItem","position":2,"name":"Types de cas","item":"https:\/\/www.communitylegalclinic.ca\/fr\/types-de-cas\/"},{"@type":"ListItem","position":3,"name":"Qui est admissible?"}]},{"@type":"WebSite","@id":"https:\/\/www.communitylegalclinic.ca\/#website","url":"https:\/\/www.communitylegalclinic.ca\/","name":"Clinique Juridique Communautaire","description":"Simcoe, Haliburton and Kawartha Lakes","potentialAction":[{"@type":"SearchAction","target":{"@type":"EntryPoint","urlTemplate":"https:\/\/www.communitylegalclinic.ca\/?s={search_term_string}"},"query-input":{"@type":"PropertyValueSpecification","valueRequired":true,"valueName":"search_term_string"}}],"inLanguage":"fr-FR"}]}},"_links":{"self":[{"href":"https:\/\/www.communitylegalclinic.ca\/fr\/wp-json\/wp\/v2\/pages\/1142","targetHints":{"allow":["GET"]}}],"collection":[{"href":"https:\/\/www.communitylegalclinic.ca\/fr\/wp-json\/wp\/v2\/pages"}],"about":[{"href":"https:\/\/www.communitylegalclinic.ca\/fr\/wp-json\/wp\/v2\/types\/page"}],"author":[{"embeddable":true,"href":"https:\/\/www.communitylegalclinic.ca\/fr\/wp-json\/wp\/v2\/users\/2"}],"replies":[{"embeddable":true,"href":"https:\/\/www.communitylegalclinic.ca\/fr\/wp-json\/wp\/v2\/comments?post=1142"}],"version-history":[{"count":4,"href":"https:\/\/www.communitylegalclinic.ca\/fr\/wp-json\/wp\/v2\/pages\/1142\/revisions"}],"predecessor-version":[{"id":1276,"href":"https:\/\/www.communitylegalclinic.ca\/fr\/wp-json\/wp\/v2\/pages\/1142\/revisions\/1276"}],"up":[{"embeddable":true,"href":"https:\/\/www.communitylegalclinic.ca\/fr\/wp-json\/wp\/v2\/pages\/1136"}],"wp:attachment":[{"href":"https:\/\/www.communitylegalclinic.ca\/fr\/wp-json\/wp\/v2\/media?parent=1142"}],"curies":[{"name":"wp","href":"https:\/\/api.w.org\/{rel}","templated":true}]}}