{"id":1121,"date":"2019-01-19T08:38:09","date_gmt":"2019-01-19T13:38:09","guid":{"rendered":"http:\/\/simcoe.turnbull.co\/?page_id=1121"},"modified":"2024-05-31T10:00:02","modified_gmt":"2024-05-31T14:00:02","slug":"conseil-dadministration","status":"publish","type":"page","link":"https:\/\/www.communitylegalclinic.ca\/fr\/a-propos\/conseil-dadministration\/","title":{"rendered":"Conseil d\u2019administration"},"content":{"rendered":"<p>Toutes les cliniques juridiques de l\u2019Ontario doivent rendre compte \u00e0 un conseil d\u2019administration ind\u00e9pendant et doivent inclure des membres des communaut\u00e9s desservies. Notre conseil d\u2019administration comprend 10 membres provenant de diff\u00e9rentes r\u00e9gions g\u00e9ographiques et pr\u00e9sentant une diversit\u00e9 de comp\u00e9tences. Tous les membres contribuent au d\u00e9veloppement des priorit\u00e9s, \u00e0 la gestion des ressources et \u00e0 la vision strat\u00e9gique de la clinique. Les membres expriment \u00e9galement les int\u00e9r\u00eats et les besoins de leurs communaut\u00e9s.<\/p>\n<p>Normalement, un membre du conseil d\u2019administration consacre \u00e0 peu pr\u00e8s 5 \u00e0 6 heures par mois \u00e0 la gestion de la clinique par sa pr\u00e9sence aux r\u00e9unions, \u00e0 la pr\u00e9paration et le travail en comit\u00e9. Un membre du conseil d\u2019administration qui s\u2019absente \u00e0 plus de trois r\u00e9unions cons\u00e9cutives verra son statut r\u00e9voqu\u00e9<span style=\"text-decoration: line-through;\">.<\/span> D\u2019ailleurs, un membre doit aviser la clinique s\u2019il ne peut assister \u00e0 une r\u00e9union.<\/p>\n<p>Sous-comit\u00e9s<\/p>\n<p>Le Conseil d\u2019administration se r\u00e9unit une fois par mois et<\/p>\n<p>comprend six sous-comit\u00e9s :<\/p>\n<ul>\n<li>Le comit\u00e9 d\u2019administration est constitu\u00e9 de la pr\u00e9sidente, de la tr\u00e9sorier, de la secr\u00e9taire, et d\u2019une autre membre choisi par le conseil. Ce comit\u00e9 peut prendre des d\u00e9cisions provisoires en cas d\u2019urgence.<\/li>\n<li>Le comit\u00e9 du personnel g\u00e8re le processus de recrutement.<\/li>\n<li>Le comit\u00e9 de nomination voit au recrutement de nouveaux membres du conseil d\u2019administration.<\/li>\n<li>Le comit\u00e9 des finances, avec l\u2019administrateur et le tr\u00e9sorier, voit \u00e0 la gestion financi\u00e8re de la clinique.<\/li>\n<li>Le comit\u00e9 de planification strat\u00e9gique est responsable de la gestion du plan strat\u00e9gique de la clinique et s\u2019assure que les objectifs \u00e9num\u00e9r\u00e9s dans le plan sont atteints.<\/li>\n<li>Le comit\u00e9 des relations publiques aide avec la publicit\u00e9 et les activit\u00e9s de d\u00e9veloppement communautaire.<\/li>\n<\/ul>\n<p>Notre personnel, constitu\u00e9 d&rsquo;avocats et de parajuristes, offre des services d&rsquo;\u00e9ducation juridique au public, des conseils juridiques et une repr\u00e9sentation l\u00e9gale devant certains tribunaux.<\/p>\n","protected":false},"excerpt":{"rendered":"<p>Toutes les cliniques juridiques de l\u2019Ontario doivent rendre compte \u00e0 un conseil d\u2019administration ind\u00e9pendant et doivent inclure des membres des communaut\u00e9s desservies. Notre conseil d\u2019administration comprend 10 membres provenant de diff\u00e9rentes r\u00e9gions g\u00e9ographiques et pr\u00e9sentant une diversit\u00e9 de comp\u00e9tences. Tous les membres contribuent au d\u00e9veloppement des priorit\u00e9s, \u00e0 la gestion des ressources et \u00e0 la vision strat\u00e9gique de la clinique.<\/p>\n","protected":false},"author":2,"featured_media":0,"parent":1111,"menu_order":5,"comment_status":"closed","ping_status":"closed","template":"","meta":{"_bbp_topic_count":0,"_bbp_reply_count":0,"_bbp_total_topic_count":0,"_bbp_total_reply_count":0,"_bbp_voice_count":0,"_bbp_anonymous_reply_count":0,"_bbp_topic_count_hidden":0,"_bbp_reply_count_hidden":0,"_bbp_forum_subforum_count":0,"footnotes":""},"class_list":["post-1121","page","type-page","status-publish","hentry"],"yoast_head":"<!-- This site is optimized with the Yoast SEO plugin v27.0 - https:\/\/yoast.com\/product\/yoast-seo-wordpress\/ -->\n<title>Conseil d\u2019administration - Clinique Juridique Communautaire<\/title>\n<meta name=\"robots\" content=\"index, follow, max-snippet:-1, max-image-preview:large, max-video-preview:-1\" \/>\n<link rel=\"canonical\" href=\"https:\/\/www.communitylegalclinic.ca\/fr\/a-propos\/conseil-dadministration\/\" \/>\n<meta property=\"og:locale\" content=\"fr_FR\" \/>\n<meta property=\"og:type\" content=\"article\" \/>\n<meta property=\"og:title\" content=\"Conseil d\u2019administration - Clinique Juridique Communautaire\" \/>\n<meta property=\"og:description\" content=\"Toutes les cliniques juridiques de l\u2019Ontario doivent rendre compte \u00e0 un conseil d\u2019administration ind\u00e9pendant et doivent inclure des membres des communaut\u00e9s desservies. Notre conseil d\u2019administration comprend 10 membres provenant de diff\u00e9rentes r\u00e9gions g\u00e9ographiques et pr\u00e9sentant une diversit\u00e9 de comp\u00e9tences. Tous les membres contribuent au d\u00e9veloppement des priorit\u00e9s, \u00e0 la gestion des ressources et \u00e0 la vision strat\u00e9gique de la clinique.\" \/>\n<meta property=\"og:url\" content=\"https:\/\/www.communitylegalclinic.ca\/fr\/a-propos\/conseil-dadministration\/\" \/>\n<meta property=\"og:site_name\" content=\"Clinique Juridique Communautaire\" \/>\n<meta property=\"article:modified_time\" content=\"2024-05-31T14:00:02+00:00\" \/>\n<meta name=\"twitter:card\" content=\"summary_large_image\" \/>\n<meta name=\"twitter:label1\" content=\"Dur\u00e9e de lecture estim\u00e9e\" \/>\n\t<meta name=\"twitter:data1\" content=\"2 minutes\" \/>\n<script type=\"application\/ld+json\" class=\"yoast-schema-graph\">{\"@context\":\"https:\/\/schema.org\",\"@graph\":[{\"@type\":\"WebPage\",\"@id\":\"https:\/\/www.communitylegalclinic.ca\/fr\/a-propos\/conseil-dadministration\/\",\"url\":\"https:\/\/www.communitylegalclinic.ca\/fr\/a-propos\/conseil-dadministration\/\",\"name\":\"Conseil d\u2019administration - Clinique Juridique Communautaire\",\"isPartOf\":{\"@id\":\"https:\/\/www.communitylegalclinic.ca\/#website\"},\"datePublished\":\"2019-01-19T13:38:09+00:00\",\"dateModified\":\"2024-05-31T14:00:02+00:00\",\"breadcrumb\":{\"@id\":\"https:\/\/www.communitylegalclinic.ca\/fr\/a-propos\/conseil-dadministration\/#breadcrumb\"},\"inLanguage\":\"fr-FR\",\"potentialAction\":[{\"@type\":\"ReadAction\",\"target\":[\"https:\/\/www.communitylegalclinic.ca\/fr\/a-propos\/conseil-dadministration\/\"]}]},{\"@type\":\"BreadcrumbList\",\"@id\":\"https:\/\/www.communitylegalclinic.ca\/fr\/a-propos\/conseil-dadministration\/#breadcrumb\",\"itemListElement\":[{\"@type\":\"ListItem\",\"position\":1,\"name\":\"Home\",\"item\":\"https:\/\/www.communitylegalclinic.ca\/fr\/\"},{\"@type\":\"ListItem\",\"position\":2,\"name\":\"\u00c0 propos\",\"item\":\"https:\/\/www.communitylegalclinic.ca\/fr\/a-propos\/\"},{\"@type\":\"ListItem\",\"position\":3,\"name\":\"Conseil d\u2019administration\"}]},{\"@type\":\"WebSite\",\"@id\":\"https:\/\/www.communitylegalclinic.ca\/#website\",\"url\":\"https:\/\/www.communitylegalclinic.ca\/\",\"name\":\"Clinique Juridique Communautaire\",\"description\":\"Simcoe, Haliburton and Kawartha Lakes\",\"potentialAction\":[{\"@type\":\"SearchAction\",\"target\":{\"@type\":\"EntryPoint\",\"urlTemplate\":\"https:\/\/www.communitylegalclinic.ca\/?s={search_term_string}\"},\"query-input\":{\"@type\":\"PropertyValueSpecification\",\"valueRequired\":true,\"valueName\":\"search_term_string\"}}],\"inLanguage\":\"fr-FR\"}]}<\/script>\n<!-- \/ Yoast SEO plugin. -->","yoast_head_json":{"title":"Conseil d\u2019administration - Clinique Juridique Communautaire","robots":{"index":"index","follow":"follow","max-snippet":"max-snippet:-1","max-image-preview":"max-image-preview:large","max-video-preview":"max-video-preview:-1"},"canonical":"https:\/\/www.communitylegalclinic.ca\/fr\/a-propos\/conseil-dadministration\/","og_locale":"fr_FR","og_type":"article","og_title":"Conseil d\u2019administration - Clinique Juridique Communautaire","og_description":"Toutes les cliniques juridiques de l\u2019Ontario doivent rendre compte \u00e0 un conseil d\u2019administration ind\u00e9pendant et doivent inclure des membres des communaut\u00e9s desservies. Notre conseil d\u2019administration comprend 10 membres provenant de diff\u00e9rentes r\u00e9gions g\u00e9ographiques et pr\u00e9sentant une diversit\u00e9 de comp\u00e9tences. Tous les membres contribuent au d\u00e9veloppement des priorit\u00e9s, \u00e0 la gestion des ressources et \u00e0 la vision strat\u00e9gique de la clinique.","og_url":"https:\/\/www.communitylegalclinic.ca\/fr\/a-propos\/conseil-dadministration\/","og_site_name":"Clinique Juridique Communautaire","article_modified_time":"2024-05-31T14:00:02+00:00","twitter_card":"summary_large_image","twitter_misc":{"Dur\u00e9e de lecture estim\u00e9e":"2 minutes"},"schema":{"@context":"https:\/\/schema.org","@graph":[{"@type":"WebPage","@id":"https:\/\/www.communitylegalclinic.ca\/fr\/a-propos\/conseil-dadministration\/","url":"https:\/\/www.communitylegalclinic.ca\/fr\/a-propos\/conseil-dadministration\/","name":"Conseil d\u2019administration - Clinique Juridique Communautaire","isPartOf":{"@id":"https:\/\/www.communitylegalclinic.ca\/#website"},"datePublished":"2019-01-19T13:38:09+00:00","dateModified":"2024-05-31T14:00:02+00:00","breadcrumb":{"@id":"https:\/\/www.communitylegalclinic.ca\/fr\/a-propos\/conseil-dadministration\/#breadcrumb"},"inLanguage":"fr-FR","potentialAction":[{"@type":"ReadAction","target":["https:\/\/www.communitylegalclinic.ca\/fr\/a-propos\/conseil-dadministration\/"]}]},{"@type":"BreadcrumbList","@id":"https:\/\/www.communitylegalclinic.ca\/fr\/a-propos\/conseil-dadministration\/#breadcrumb","itemListElement":[{"@type":"ListItem","position":1,"name":"Home","item":"https:\/\/www.communitylegalclinic.ca\/fr\/"},{"@type":"ListItem","position":2,"name":"\u00c0 propos","item":"https:\/\/www.communitylegalclinic.ca\/fr\/a-propos\/"},{"@type":"ListItem","position":3,"name":"Conseil d\u2019administration"}]},{"@type":"WebSite","@id":"https:\/\/www.communitylegalclinic.ca\/#website","url":"https:\/\/www.communitylegalclinic.ca\/","name":"Clinique Juridique Communautaire","description":"Simcoe, Haliburton and Kawartha Lakes","potentialAction":[{"@type":"SearchAction","target":{"@type":"EntryPoint","urlTemplate":"https:\/\/www.communitylegalclinic.ca\/?s={search_term_string}"},"query-input":{"@type":"PropertyValueSpecification","valueRequired":true,"valueName":"search_term_string"}}],"inLanguage":"fr-FR"}]}},"_links":{"self":[{"href":"https:\/\/www.communitylegalclinic.ca\/fr\/wp-json\/wp\/v2\/pages\/1121","targetHints":{"allow":["GET"]}}],"collection":[{"href":"https:\/\/www.communitylegalclinic.ca\/fr\/wp-json\/wp\/v2\/pages"}],"about":[{"href":"https:\/\/www.communitylegalclinic.ca\/fr\/wp-json\/wp\/v2\/types\/page"}],"author":[{"embeddable":true,"href":"https:\/\/www.communitylegalclinic.ca\/fr\/wp-json\/wp\/v2\/users\/2"}],"replies":[{"embeddable":true,"href":"https:\/\/www.communitylegalclinic.ca\/fr\/wp-json\/wp\/v2\/comments?post=1121"}],"version-history":[{"count":3,"href":"https:\/\/www.communitylegalclinic.ca\/fr\/wp-json\/wp\/v2\/pages\/1121\/revisions"}],"predecessor-version":[{"id":1546,"href":"https:\/\/www.communitylegalclinic.ca\/fr\/wp-json\/wp\/v2\/pages\/1121\/revisions\/1546"}],"up":[{"embeddable":true,"href":"https:\/\/www.communitylegalclinic.ca\/fr\/wp-json\/wp\/v2\/pages\/1111"}],"wp:attachment":[{"href":"https:\/\/www.communitylegalclinic.ca\/fr\/wp-json\/wp\/v2\/media?parent=1121"}],"curies":[{"name":"wp","href":"https:\/\/api.w.org\/{rel}","templated":true}]}}