{"id":1119,"date":"2019-01-19T08:36:33","date_gmt":"2019-01-19T13:36:33","guid":{"rendered":"http:\/\/simcoe.turnbull.co\/?page_id=1119"},"modified":"2019-03-13T13:35:51","modified_gmt":"2019-03-13T17:35:51","slug":"developpement-de-la-clinique-juridique-communautaire","status":"publish","type":"page","link":"https:\/\/www.communitylegalclinic.ca\/fr\/a-propos\/developpement-de-la-clinique-juridique-communautaire\/","title":{"rendered":"D\u00e9veloppement de la clinique juridique communautaire"},"content":{"rendered":"<p>La Clinique fournit des services juridiques \u00e0 la communaut\u00e9 des comt\u00e9s de Simcoe, Haliburton et la ville de Kawartha Lakes. Fond\u00e9e en 1981 pour servir le comt\u00e9 de Simcoe, notre r\u00e9gion g\u00e9ographique a \u00e9t\u00e9 \u00e9largie en 2001 pour inclure le\u00a0comt\u00e9 de Haliburton et la ville de Kawartha Lakes. Aujourd\u2019hui, nous offrons de l\u2019aide \u00e0 une r\u00e9gion comprenant plus de 12,000 kilom\u00e8tres carr\u00e9s. Le bureau principal est bas\u00e9 \u00e0 Orillia avec des bureaux satellites \u00e0 Midland, Collingwood, Barrie, Lindsay, Alliston, et Minden.<\/p>\n","protected":false},"excerpt":{"rendered":"<p>La Clinique fournit des services juridiques \u00e0 la communaut\u00e9 des comt\u00e9s de Simcoe, Haliburton et la ville de Kawartha Lakes. Fond\u00e9e en 1981 pour servir le comt\u00e9 de Simcoe, notre r\u00e9gion g\u00e9ographique a \u00e9t\u00e9 \u00e9largie en 2001 pour inclure le\u00a0comt\u00e9 de Haliburton et la ville de Kawartha Lakes. Aujourd\u2019hui, nous offrons de l\u2019aide \u00e0 une r\u00e9gion comprenant plus de 12,000 kilom\u00e8tres carr\u00e9s.<\/p>\n","protected":false},"author":2,"featured_media":0,"parent":1111,"menu_order":4,"comment_status":"closed","ping_status":"closed","template":"","meta":{"_bbp_topic_count":0,"_bbp_reply_count":0,"_bbp_total_topic_count":0,"_bbp_total_reply_count":0,"_bbp_voice_count":0,"_bbp_anonymous_reply_count":0,"_bbp_topic_count_hidden":0,"_bbp_reply_count_hidden":0,"_bbp_forum_subforum_count":0,"footnotes":""},"class_list":["post-1119","page","type-page","status-publish","hentry"],"yoast_head":"<!-- This site is optimized with the Yoast SEO plugin v27.0 - https:\/\/yoast.com\/product\/yoast-seo-wordpress\/ -->\n<title>D\u00e9veloppement de la clinique juridique communautaire - Clinique Juridique Communautaire<\/title>\n<meta name=\"robots\" content=\"index, follow, max-snippet:-1, max-image-preview:large, max-video-preview:-1\" \/>\n<link rel=\"canonical\" href=\"https:\/\/www.communitylegalclinic.ca\/fr\/a-propos\/developpement-de-la-clinique-juridique-communautaire\/\" \/>\n<meta property=\"og:locale\" content=\"fr_FR\" \/>\n<meta property=\"og:type\" content=\"article\" \/>\n<meta property=\"og:title\" content=\"D\u00e9veloppement de la clinique juridique communautaire - Clinique Juridique Communautaire\" \/>\n<meta property=\"og:description\" content=\"La Clinique fournit des services juridiques \u00e0 la communaut\u00e9 des comt\u00e9s de Simcoe, Haliburton et la ville de Kawartha Lakes. Fond\u00e9e en 1981 pour servir le comt\u00e9 de Simcoe, notre r\u00e9gion g\u00e9ographique a \u00e9t\u00e9 \u00e9largie en 2001 pour inclure le\u00a0comt\u00e9 de Haliburton et la ville de Kawartha Lakes. Aujourd\u2019hui, nous offrons de l\u2019aide \u00e0 une r\u00e9gion comprenant plus de 12,000 kilom\u00e8tres carr\u00e9s.\" \/>\n<meta property=\"og:url\" content=\"https:\/\/www.communitylegalclinic.ca\/fr\/a-propos\/developpement-de-la-clinique-juridique-communautaire\/\" \/>\n<meta property=\"og:site_name\" content=\"Clinique Juridique Communautaire\" \/>\n<meta property=\"article:modified_time\" content=\"2019-03-13T17:35:51+00:00\" \/>\n<meta name=\"twitter:card\" content=\"summary_large_image\" \/>\n<script type=\"application\/ld+json\" class=\"yoast-schema-graph\">{\"@context\":\"https:\/\/schema.org\",\"@graph\":[{\"@type\":\"WebPage\",\"@id\":\"https:\/\/www.communitylegalclinic.ca\/fr\/a-propos\/developpement-de-la-clinique-juridique-communautaire\/\",\"url\":\"https:\/\/www.communitylegalclinic.ca\/fr\/a-propos\/developpement-de-la-clinique-juridique-communautaire\/\",\"name\":\"D\u00e9veloppement de la clinique juridique communautaire - Clinique Juridique Communautaire\",\"isPartOf\":{\"@id\":\"https:\/\/www.communitylegalclinic.ca\/#website\"},\"datePublished\":\"2019-01-19T13:36:33+00:00\",\"dateModified\":\"2019-03-13T17:35:51+00:00\",\"breadcrumb\":{\"@id\":\"https:\/\/www.communitylegalclinic.ca\/fr\/a-propos\/developpement-de-la-clinique-juridique-communautaire\/#breadcrumb\"},\"inLanguage\":\"fr-FR\",\"potentialAction\":[{\"@type\":\"ReadAction\",\"target\":[\"https:\/\/www.communitylegalclinic.ca\/fr\/a-propos\/developpement-de-la-clinique-juridique-communautaire\/\"]}]},{\"@type\":\"BreadcrumbList\",\"@id\":\"https:\/\/www.communitylegalclinic.ca\/fr\/a-propos\/developpement-de-la-clinique-juridique-communautaire\/#breadcrumb\",\"itemListElement\":[{\"@type\":\"ListItem\",\"position\":1,\"name\":\"Home\",\"item\":\"https:\/\/www.communitylegalclinic.ca\/fr\/\"},{\"@type\":\"ListItem\",\"position\":2,\"name\":\"\u00c0 propos\",\"item\":\"https:\/\/www.communitylegalclinic.ca\/fr\/a-propos\/\"},{\"@type\":\"ListItem\",\"position\":3,\"name\":\"D\u00e9veloppement de la clinique juridique communautaire\"}]},{\"@type\":\"WebSite\",\"@id\":\"https:\/\/www.communitylegalclinic.ca\/#website\",\"url\":\"https:\/\/www.communitylegalclinic.ca\/\",\"name\":\"Clinique Juridique Communautaire\",\"description\":\"Simcoe, Haliburton and Kawartha Lakes\",\"potentialAction\":[{\"@type\":\"SearchAction\",\"target\":{\"@type\":\"EntryPoint\",\"urlTemplate\":\"https:\/\/www.communitylegalclinic.ca\/?s={search_term_string}\"},\"query-input\":{\"@type\":\"PropertyValueSpecification\",\"valueRequired\":true,\"valueName\":\"search_term_string\"}}],\"inLanguage\":\"fr-FR\"}]}<\/script>\n<!-- \/ Yoast SEO plugin. -->","yoast_head_json":{"title":"D\u00e9veloppement de la clinique juridique communautaire - Clinique Juridique Communautaire","robots":{"index":"index","follow":"follow","max-snippet":"max-snippet:-1","max-image-preview":"max-image-preview:large","max-video-preview":"max-video-preview:-1"},"canonical":"https:\/\/www.communitylegalclinic.ca\/fr\/a-propos\/developpement-de-la-clinique-juridique-communautaire\/","og_locale":"fr_FR","og_type":"article","og_title":"D\u00e9veloppement de la clinique juridique communautaire - Clinique Juridique Communautaire","og_description":"La Clinique fournit des services juridiques \u00e0 la communaut\u00e9 des comt\u00e9s de Simcoe, Haliburton et la ville de Kawartha Lakes. Fond\u00e9e en 1981 pour servir le comt\u00e9 de Simcoe, notre r\u00e9gion g\u00e9ographique a \u00e9t\u00e9 \u00e9largie en 2001 pour inclure le\u00a0comt\u00e9 de Haliburton et la ville de Kawartha Lakes. Aujourd\u2019hui, nous offrons de l\u2019aide \u00e0 une r\u00e9gion comprenant plus de 12,000 kilom\u00e8tres carr\u00e9s.","og_url":"https:\/\/www.communitylegalclinic.ca\/fr\/a-propos\/developpement-de-la-clinique-juridique-communautaire\/","og_site_name":"Clinique Juridique Communautaire","article_modified_time":"2019-03-13T17:35:51+00:00","twitter_card":"summary_large_image","schema":{"@context":"https:\/\/schema.org","@graph":[{"@type":"WebPage","@id":"https:\/\/www.communitylegalclinic.ca\/fr\/a-propos\/developpement-de-la-clinique-juridique-communautaire\/","url":"https:\/\/www.communitylegalclinic.ca\/fr\/a-propos\/developpement-de-la-clinique-juridique-communautaire\/","name":"D\u00e9veloppement de la clinique juridique communautaire - Clinique Juridique Communautaire","isPartOf":{"@id":"https:\/\/www.communitylegalclinic.ca\/#website"},"datePublished":"2019-01-19T13:36:33+00:00","dateModified":"2019-03-13T17:35:51+00:00","breadcrumb":{"@id":"https:\/\/www.communitylegalclinic.ca\/fr\/a-propos\/developpement-de-la-clinique-juridique-communautaire\/#breadcrumb"},"inLanguage":"fr-FR","potentialAction":[{"@type":"ReadAction","target":["https:\/\/www.communitylegalclinic.ca\/fr\/a-propos\/developpement-de-la-clinique-juridique-communautaire\/"]}]},{"@type":"BreadcrumbList","@id":"https:\/\/www.communitylegalclinic.ca\/fr\/a-propos\/developpement-de-la-clinique-juridique-communautaire\/#breadcrumb","itemListElement":[{"@type":"ListItem","position":1,"name":"Home","item":"https:\/\/www.communitylegalclinic.ca\/fr\/"},{"@type":"ListItem","position":2,"name":"\u00c0 propos","item":"https:\/\/www.communitylegalclinic.ca\/fr\/a-propos\/"},{"@type":"ListItem","position":3,"name":"D\u00e9veloppement de la clinique juridique communautaire"}]},{"@type":"WebSite","@id":"https:\/\/www.communitylegalclinic.ca\/#website","url":"https:\/\/www.communitylegalclinic.ca\/","name":"Clinique Juridique Communautaire","description":"Simcoe, Haliburton and Kawartha Lakes","potentialAction":[{"@type":"SearchAction","target":{"@type":"EntryPoint","urlTemplate":"https:\/\/www.communitylegalclinic.ca\/?s={search_term_string}"},"query-input":{"@type":"PropertyValueSpecification","valueRequired":true,"valueName":"search_term_string"}}],"inLanguage":"fr-FR"}]}},"_links":{"self":[{"href":"https:\/\/www.communitylegalclinic.ca\/fr\/wp-json\/wp\/v2\/pages\/1119","targetHints":{"allow":["GET"]}}],"collection":[{"href":"https:\/\/www.communitylegalclinic.ca\/fr\/wp-json\/wp\/v2\/pages"}],"about":[{"href":"https:\/\/www.communitylegalclinic.ca\/fr\/wp-json\/wp\/v2\/types\/page"}],"author":[{"embeddable":true,"href":"https:\/\/www.communitylegalclinic.ca\/fr\/wp-json\/wp\/v2\/users\/2"}],"replies":[{"embeddable":true,"href":"https:\/\/www.communitylegalclinic.ca\/fr\/wp-json\/wp\/v2\/comments?post=1119"}],"version-history":[{"count":2,"href":"https:\/\/www.communitylegalclinic.ca\/fr\/wp-json\/wp\/v2\/pages\/1119\/revisions"}],"predecessor-version":[{"id":1269,"href":"https:\/\/www.communitylegalclinic.ca\/fr\/wp-json\/wp\/v2\/pages\/1119\/revisions\/1269"}],"up":[{"embeddable":true,"href":"https:\/\/www.communitylegalclinic.ca\/fr\/wp-json\/wp\/v2\/pages\/1111"}],"wp:attachment":[{"href":"https:\/\/www.communitylegalclinic.ca\/fr\/wp-json\/wp\/v2\/media?parent=1119"}],"curies":[{"name":"wp","href":"https:\/\/api.w.org\/{rel}","templated":true}]}}