{"id":1117,"date":"2019-01-19T08:35:05","date_gmt":"2019-01-19T13:35:05","guid":{"rendered":"http:\/\/simcoe.turnbull.co\/?page_id=1117"},"modified":"2025-09-03T16:33:23","modified_gmt":"2025-09-03T20:33:23","slug":"localisation-des-bureaux","status":"publish","type":"page","link":"https:\/\/www.communitylegalclinic.ca\/fr\/a-propos\/localisation-des-bureaux\/","title":{"rendered":"Localisation des bureaux"},"content":{"rendered":"<h3>BUREAU PRINCIPALE<\/h3>\n<p>71 rue Colborne E.<br \/>\nCasier postal 275<br \/>\nOrillia, ON L3V 6J6<\/p>\n<p>705-326-6444<br \/>\n1-800-461-8953<\/p>\n<p>T\u00e9l\u00e9copieur: 705-326-9757<br \/>\nT\u00e9l\u00e9copieur sans frais: 1-877-326-9757<\/p>\n<p><a href=\"http:\/\/www.communitylegalclinic.ca\">www.communitylegalclinic.ca<\/a><\/p>\n<p>Lundi au vendredi de 9h \u00e0 17h, ferm\u00e9 du lundi au vendredi entre 12h et 13h<\/p>\n<p><strong>Bureaux satellites<\/strong> : Veuillez composer le 1-800-461-8953<strong><br \/>\n<\/strong><\/p>\n<p>BARRIE &#8211; Tous les Lundis &#8211; Accueil sans rendez-vous de 14h \u00e0 16H<br \/>\n80, rue Bradford &#8211; bureau WW18<br \/>\nChaque lundi<\/p>\n<p>ALLISTON<br \/>\nSur rendez-vous uniquement<br \/>\nVeuillez appeler le 1-800-461-8953<\/p>\n<p>CHRISTIAN ISLAND<br \/>\n\u00c9difice des Services \u00e0 la famille<br \/>\nTel que requis<\/p>\n<p>COLLINGWOOD<br \/>\nSur rendez-vous uniquement<br \/>\nVeuillez appeler le 1-800-461-8953<\/p>\n<p>HALIBURTON<br \/>\n69 avenue Eastern, Point in Time Centre pour enfants, jeunes et parents<br \/>\nTel que requis<\/p>\n<p>LINDSAY<br \/>\nCentre commercial Kent Place, Suite 214<br \/>\nTous les mardis<\/p>\n<p>MIDLAND<br \/>\nSur rendez-vous uniquement<br \/>\nVeuillez appeler le 1-800-461-8953<\/p>\n<p>MINDEN<br \/>\nHeritage Plaza, Premier plancher<br \/>\nBureau des services de sant\u00e9 mentale des hautes terres de Haliburton<br \/>\n\u00c0 chaque deux vendredis<\/p>\n","protected":false},"excerpt":{"rendered":"<p>BUREAU PRINCIPALE<br \/>\n71 rue Colborne E.<br \/>\nCasier postal 275<br \/>\nOrillia, ON L3V 6J6<br \/>\n705-326-6444<br \/>\n1-800-461-8953<br \/>\nT\u00e9l\u00e9copieur: 705-326-9757<br \/>\nT\u00e9l\u00e9copieur sans frais: 1-877-326-9757<br \/>\n<a href=\"http:\/\/www.communitylegalclinic.ca\">www.communitylegalclinic.ca<\/a><br \/>\nLundi au vendredi de 9h \u00e0 17h, ferm\u00e9 du lundi au vendredi entre 12h et 13h<br \/>\nBureaux satellites : Veuillez composer le 1-800-461-8953<\/p>\n<p>BARRIE &#8211;<\/p>\n","protected":false},"author":2,"featured_media":0,"parent":1111,"menu_order":3,"comment_status":"closed","ping_status":"closed","template":"","meta":{"_bbp_topic_count":0,"_bbp_reply_count":0,"_bbp_total_topic_count":0,"_bbp_total_reply_count":0,"_bbp_voice_count":0,"_bbp_anonymous_reply_count":0,"_bbp_topic_count_hidden":0,"_bbp_reply_count_hidden":0,"_bbp_forum_subforum_count":0,"footnotes":""},"class_list":["post-1117","page","type-page","status-publish","hentry"],"yoast_head":"<!-- This site is optimized with the Yoast SEO plugin v27.0 - https:\/\/yoast.com\/product\/yoast-seo-wordpress\/ -->\n<title>Localisation des bureaux - Clinique Juridique Communautaire<\/title>\n<meta name=\"robots\" content=\"index, follow, max-snippet:-1, max-image-preview:large, max-video-preview:-1\" \/>\n<link rel=\"canonical\" href=\"https:\/\/www.communitylegalclinic.ca\/fr\/a-propos\/localisation-des-bureaux\/\" \/>\n<meta property=\"og:locale\" content=\"fr_FR\" \/>\n<meta property=\"og:type\" content=\"article\" \/>\n<meta property=\"og:title\" content=\"Localisation des bureaux - Clinique Juridique Communautaire\" \/>\n<meta property=\"og:description\" content=\"BUREAU PRINCIPALE 71 rue Colborne E. Casier postal 275 Orillia, ON L3V 6J6 705-326-6444 1-800-461-8953 T\u00e9l\u00e9copieur: 705-326-9757 T\u00e9l\u00e9copieur sans frais: 1-877-326-9757 www.communitylegalclinic.ca Lundi au vendredi de 9h \u00e0 17h, ferm\u00e9 du lundi au vendredi entre 12h et 13h Bureaux satellites : Veuillez composer le 1-800-461-8953 BARRIE &#8211;\" \/>\n<meta property=\"og:url\" content=\"https:\/\/www.communitylegalclinic.ca\/fr\/a-propos\/localisation-des-bureaux\/\" \/>\n<meta property=\"og:site_name\" content=\"Clinique Juridique Communautaire\" \/>\n<meta property=\"article:modified_time\" content=\"2025-09-03T20:33:23+00:00\" \/>\n<meta name=\"twitter:card\" content=\"summary_large_image\" \/>\n<meta name=\"twitter:label1\" content=\"Dur\u00e9e de lecture estim\u00e9e\" \/>\n\t<meta name=\"twitter:data1\" content=\"1 minute\" \/>\n<script type=\"application\/ld+json\" class=\"yoast-schema-graph\">{\"@context\":\"https:\/\/schema.org\",\"@graph\":[{\"@type\":\"WebPage\",\"@id\":\"https:\/\/www.communitylegalclinic.ca\/fr\/a-propos\/localisation-des-bureaux\/\",\"url\":\"https:\/\/www.communitylegalclinic.ca\/fr\/a-propos\/localisation-des-bureaux\/\",\"name\":\"Localisation des bureaux - Clinique Juridique Communautaire\",\"isPartOf\":{\"@id\":\"https:\/\/www.communitylegalclinic.ca\/#website\"},\"datePublished\":\"2019-01-19T13:35:05+00:00\",\"dateModified\":\"2025-09-03T20:33:23+00:00\",\"breadcrumb\":{\"@id\":\"https:\/\/www.communitylegalclinic.ca\/fr\/a-propos\/localisation-des-bureaux\/#breadcrumb\"},\"inLanguage\":\"fr-FR\",\"potentialAction\":[{\"@type\":\"ReadAction\",\"target\":[\"https:\/\/www.communitylegalclinic.ca\/fr\/a-propos\/localisation-des-bureaux\/\"]}]},{\"@type\":\"BreadcrumbList\",\"@id\":\"https:\/\/www.communitylegalclinic.ca\/fr\/a-propos\/localisation-des-bureaux\/#breadcrumb\",\"itemListElement\":[{\"@type\":\"ListItem\",\"position\":1,\"name\":\"Home\",\"item\":\"https:\/\/www.communitylegalclinic.ca\/fr\/\"},{\"@type\":\"ListItem\",\"position\":2,\"name\":\"\u00c0 propos\",\"item\":\"https:\/\/www.communitylegalclinic.ca\/fr\/a-propos\/\"},{\"@type\":\"ListItem\",\"position\":3,\"name\":\"Localisation des bureaux\"}]},{\"@type\":\"WebSite\",\"@id\":\"https:\/\/www.communitylegalclinic.ca\/#website\",\"url\":\"https:\/\/www.communitylegalclinic.ca\/\",\"name\":\"Clinique Juridique Communautaire\",\"description\":\"Simcoe, Haliburton and Kawartha Lakes\",\"potentialAction\":[{\"@type\":\"SearchAction\",\"target\":{\"@type\":\"EntryPoint\",\"urlTemplate\":\"https:\/\/www.communitylegalclinic.ca\/?s={search_term_string}\"},\"query-input\":{\"@type\":\"PropertyValueSpecification\",\"valueRequired\":true,\"valueName\":\"search_term_string\"}}],\"inLanguage\":\"fr-FR\"}]}<\/script>\n<!-- \/ Yoast SEO plugin. -->","yoast_head_json":{"title":"Localisation des bureaux - Clinique Juridique Communautaire","robots":{"index":"index","follow":"follow","max-snippet":"max-snippet:-1","max-image-preview":"max-image-preview:large","max-video-preview":"max-video-preview:-1"},"canonical":"https:\/\/www.communitylegalclinic.ca\/fr\/a-propos\/localisation-des-bureaux\/","og_locale":"fr_FR","og_type":"article","og_title":"Localisation des bureaux - Clinique Juridique Communautaire","og_description":"BUREAU PRINCIPALE 71 rue Colborne E. Casier postal 275 Orillia, ON L3V 6J6 705-326-6444 1-800-461-8953 T\u00e9l\u00e9copieur: 705-326-9757 T\u00e9l\u00e9copieur sans frais: 1-877-326-9757 www.communitylegalclinic.ca Lundi au vendredi de 9h \u00e0 17h, ferm\u00e9 du lundi au vendredi entre 12h et 13h Bureaux satellites : Veuillez composer le 1-800-461-8953 BARRIE &#8211;","og_url":"https:\/\/www.communitylegalclinic.ca\/fr\/a-propos\/localisation-des-bureaux\/","og_site_name":"Clinique Juridique Communautaire","article_modified_time":"2025-09-03T20:33:23+00:00","twitter_card":"summary_large_image","twitter_misc":{"Dur\u00e9e de lecture estim\u00e9e":"1 minute"},"schema":{"@context":"https:\/\/schema.org","@graph":[{"@type":"WebPage","@id":"https:\/\/www.communitylegalclinic.ca\/fr\/a-propos\/localisation-des-bureaux\/","url":"https:\/\/www.communitylegalclinic.ca\/fr\/a-propos\/localisation-des-bureaux\/","name":"Localisation des bureaux - Clinique Juridique Communautaire","isPartOf":{"@id":"https:\/\/www.communitylegalclinic.ca\/#website"},"datePublished":"2019-01-19T13:35:05+00:00","dateModified":"2025-09-03T20:33:23+00:00","breadcrumb":{"@id":"https:\/\/www.communitylegalclinic.ca\/fr\/a-propos\/localisation-des-bureaux\/#breadcrumb"},"inLanguage":"fr-FR","potentialAction":[{"@type":"ReadAction","target":["https:\/\/www.communitylegalclinic.ca\/fr\/a-propos\/localisation-des-bureaux\/"]}]},{"@type":"BreadcrumbList","@id":"https:\/\/www.communitylegalclinic.ca\/fr\/a-propos\/localisation-des-bureaux\/#breadcrumb","itemListElement":[{"@type":"ListItem","position":1,"name":"Home","item":"https:\/\/www.communitylegalclinic.ca\/fr\/"},{"@type":"ListItem","position":2,"name":"\u00c0 propos","item":"https:\/\/www.communitylegalclinic.ca\/fr\/a-propos\/"},{"@type":"ListItem","position":3,"name":"Localisation des bureaux"}]},{"@type":"WebSite","@id":"https:\/\/www.communitylegalclinic.ca\/#website","url":"https:\/\/www.communitylegalclinic.ca\/","name":"Clinique Juridique Communautaire","description":"Simcoe, Haliburton and Kawartha Lakes","potentialAction":[{"@type":"SearchAction","target":{"@type":"EntryPoint","urlTemplate":"https:\/\/www.communitylegalclinic.ca\/?s={search_term_string}"},"query-input":{"@type":"PropertyValueSpecification","valueRequired":true,"valueName":"search_term_string"}}],"inLanguage":"fr-FR"}]}},"_links":{"self":[{"href":"https:\/\/www.communitylegalclinic.ca\/fr\/wp-json\/wp\/v2\/pages\/1117","targetHints":{"allow":["GET"]}}],"collection":[{"href":"https:\/\/www.communitylegalclinic.ca\/fr\/wp-json\/wp\/v2\/pages"}],"about":[{"href":"https:\/\/www.communitylegalclinic.ca\/fr\/wp-json\/wp\/v2\/types\/page"}],"author":[{"embeddable":true,"href":"https:\/\/www.communitylegalclinic.ca\/fr\/wp-json\/wp\/v2\/users\/2"}],"replies":[{"embeddable":true,"href":"https:\/\/www.communitylegalclinic.ca\/fr\/wp-json\/wp\/v2\/comments?post=1117"}],"version-history":[{"count":3,"href":"https:\/\/www.communitylegalclinic.ca\/fr\/wp-json\/wp\/v2\/pages\/1117\/revisions"}],"predecessor-version":[{"id":1591,"href":"https:\/\/www.communitylegalclinic.ca\/fr\/wp-json\/wp\/v2\/pages\/1117\/revisions\/1591"}],"up":[{"embeddable":true,"href":"https:\/\/www.communitylegalclinic.ca\/fr\/wp-json\/wp\/v2\/pages\/1111"}],"wp:attachment":[{"href":"https:\/\/www.communitylegalclinic.ca\/fr\/wp-json\/wp\/v2\/media?parent=1117"}],"curies":[{"name":"wp","href":"https:\/\/api.w.org\/{rel}","templated":true}]}}