{"id":1115,"date":"2019-01-19T08:30:53","date_gmt":"2019-01-19T13:30:53","guid":{"rendered":"http:\/\/simcoe.turnbull.co\/?page_id=1115"},"modified":"2019-01-19T15:08:10","modified_gmt":"2019-01-19T20:08:10","slug":"nous-partageons-la-vision-daide-juridique-ontario","status":"publish","type":"page","link":"https:\/\/www.communitylegalclinic.ca\/fr\/a-propos\/nous-partageons-la-vision-daide-juridique-ontario\/","title":{"rendered":"Nous partageons la vision d\u2019Aide juridique Ontario"},"content":{"rendered":"<ol>\n<li>Faciliter l\u2019acc\u00e8s \u00e0 la justice en Ontario pour les individus \u00e0 faible revenu en fournissant une aide juridique de haute qualit\u00e9.<\/li>\n<li>Encourager et faciliter la flexibilit\u00e9 et l\u2019innovation dans la mani\u00e8re de fournir l\u2019aide juridique.<\/li>\n<li>Prendre en compte la diversit\u00e9 des besoins l\u00e9gaux des personnes \u00e0 faible revenu et des communaut\u00e9s d\u00e9savantag\u00e9es.<\/li>\n<li>D\u00e9penser les fonds publics de mani\u00e8re responsable.<\/li>\n<\/ol>\n<p>Aide juridique Ontario re\u00e7oit des fonds publics du gouvernement de l\u2019Ontario.<\/p>\n","protected":false},"excerpt":{"rendered":"<p>Faciliter l\u2019acc\u00e8s \u00e0 la justice en Ontario pour les individus \u00e0 faible revenu en fournissant une aide juridique de haute qualit\u00e9.<br \/>\nEncourager et faciliter la flexibilit\u00e9 et l\u2019innovation dans la mani\u00e8re de fournir l\u2019aide juridique.<br \/>\nPrendre en compte la diversit\u00e9 des besoins l\u00e9gaux des personnes \u00e0 faible revenu et des communaut\u00e9s d\u00e9savantag\u00e9es.<\/p>\n","protected":false},"author":2,"featured_media":0,"parent":1111,"menu_order":2,"comment_status":"closed","ping_status":"closed","template":"","meta":{"_bbp_topic_count":0,"_bbp_reply_count":0,"_bbp_total_topic_count":0,"_bbp_total_reply_count":0,"_bbp_voice_count":0,"_bbp_anonymous_reply_count":0,"_bbp_topic_count_hidden":0,"_bbp_reply_count_hidden":0,"_bbp_forum_subforum_count":0,"footnotes":""},"class_list":["post-1115","page","type-page","status-publish","hentry"],"yoast_head":"<!-- This site is optimized with the Yoast SEO plugin v27.0 - https:\/\/yoast.com\/product\/yoast-seo-wordpress\/ -->\n<title>Nous partageons la vision d\u2019Aide juridique Ontario - Clinique Juridique Communautaire<\/title>\n<meta name=\"robots\" content=\"index, follow, max-snippet:-1, max-image-preview:large, max-video-preview:-1\" \/>\n<link rel=\"canonical\" href=\"https:\/\/www.communitylegalclinic.ca\/fr\/a-propos\/nous-partageons-la-vision-daide-juridique-ontario\/\" \/>\n<meta property=\"og:locale\" content=\"fr_FR\" \/>\n<meta property=\"og:type\" content=\"article\" \/>\n<meta property=\"og:title\" content=\"Nous partageons la vision d\u2019Aide juridique Ontario - Clinique Juridique Communautaire\" \/>\n<meta property=\"og:description\" content=\"Faciliter l\u2019acc\u00e8s \u00e0 la justice en Ontario pour les individus \u00e0 faible revenu en fournissant une aide juridique de haute qualit\u00e9. Encourager et faciliter la flexibilit\u00e9 et l\u2019innovation dans la mani\u00e8re de fournir l\u2019aide juridique. Prendre en compte la diversit\u00e9 des besoins l\u00e9gaux des personnes \u00e0 faible revenu et des communaut\u00e9s d\u00e9savantag\u00e9es.\" \/>\n<meta property=\"og:url\" content=\"https:\/\/www.communitylegalclinic.ca\/fr\/a-propos\/nous-partageons-la-vision-daide-juridique-ontario\/\" \/>\n<meta property=\"og:site_name\" content=\"Clinique Juridique Communautaire\" \/>\n<meta property=\"article:modified_time\" content=\"2019-01-19T20:08:10+00:00\" \/>\n<meta name=\"twitter:card\" content=\"summary_large_image\" \/>\n<script type=\"application\/ld+json\" class=\"yoast-schema-graph\">{\"@context\":\"https:\/\/schema.org\",\"@graph\":[{\"@type\":\"WebPage\",\"@id\":\"https:\/\/www.communitylegalclinic.ca\/fr\/a-propos\/nous-partageons-la-vision-daide-juridique-ontario\/\",\"url\":\"https:\/\/www.communitylegalclinic.ca\/fr\/a-propos\/nous-partageons-la-vision-daide-juridique-ontario\/\",\"name\":\"Nous partageons la vision d\u2019Aide juridique Ontario - Clinique Juridique Communautaire\",\"isPartOf\":{\"@id\":\"https:\/\/www.communitylegalclinic.ca\/#website\"},\"datePublished\":\"2019-01-19T13:30:53+00:00\",\"dateModified\":\"2019-01-19T20:08:10+00:00\",\"breadcrumb\":{\"@id\":\"https:\/\/www.communitylegalclinic.ca\/fr\/a-propos\/nous-partageons-la-vision-daide-juridique-ontario\/#breadcrumb\"},\"inLanguage\":\"fr-FR\",\"potentialAction\":[{\"@type\":\"ReadAction\",\"target\":[\"https:\/\/www.communitylegalclinic.ca\/fr\/a-propos\/nous-partageons-la-vision-daide-juridique-ontario\/\"]}]},{\"@type\":\"BreadcrumbList\",\"@id\":\"https:\/\/www.communitylegalclinic.ca\/fr\/a-propos\/nous-partageons-la-vision-daide-juridique-ontario\/#breadcrumb\",\"itemListElement\":[{\"@type\":\"ListItem\",\"position\":1,\"name\":\"Home\",\"item\":\"https:\/\/www.communitylegalclinic.ca\/fr\/\"},{\"@type\":\"ListItem\",\"position\":2,\"name\":\"\u00c0 propos\",\"item\":\"https:\/\/www.communitylegalclinic.ca\/fr\/a-propos\/\"},{\"@type\":\"ListItem\",\"position\":3,\"name\":\"Nous partageons la vision d\u2019Aide juridique Ontario\"}]},{\"@type\":\"WebSite\",\"@id\":\"https:\/\/www.communitylegalclinic.ca\/#website\",\"url\":\"https:\/\/www.communitylegalclinic.ca\/\",\"name\":\"Clinique Juridique Communautaire\",\"description\":\"Simcoe, Haliburton and Kawartha Lakes\",\"potentialAction\":[{\"@type\":\"SearchAction\",\"target\":{\"@type\":\"EntryPoint\",\"urlTemplate\":\"https:\/\/www.communitylegalclinic.ca\/?s={search_term_string}\"},\"query-input\":{\"@type\":\"PropertyValueSpecification\",\"valueRequired\":true,\"valueName\":\"search_term_string\"}}],\"inLanguage\":\"fr-FR\"}]}<\/script>\n<!-- \/ Yoast SEO plugin. -->","yoast_head_json":{"title":"Nous partageons la vision d\u2019Aide juridique Ontario - Clinique Juridique Communautaire","robots":{"index":"index","follow":"follow","max-snippet":"max-snippet:-1","max-image-preview":"max-image-preview:large","max-video-preview":"max-video-preview:-1"},"canonical":"https:\/\/www.communitylegalclinic.ca\/fr\/a-propos\/nous-partageons-la-vision-daide-juridique-ontario\/","og_locale":"fr_FR","og_type":"article","og_title":"Nous partageons la vision d\u2019Aide juridique Ontario - Clinique Juridique Communautaire","og_description":"Faciliter l\u2019acc\u00e8s \u00e0 la justice en Ontario pour les individus \u00e0 faible revenu en fournissant une aide juridique de haute qualit\u00e9. Encourager et faciliter la flexibilit\u00e9 et l\u2019innovation dans la mani\u00e8re de fournir l\u2019aide juridique. Prendre en compte la diversit\u00e9 des besoins l\u00e9gaux des personnes \u00e0 faible revenu et des communaut\u00e9s d\u00e9savantag\u00e9es.","og_url":"https:\/\/www.communitylegalclinic.ca\/fr\/a-propos\/nous-partageons-la-vision-daide-juridique-ontario\/","og_site_name":"Clinique Juridique Communautaire","article_modified_time":"2019-01-19T20:08:10+00:00","twitter_card":"summary_large_image","schema":{"@context":"https:\/\/schema.org","@graph":[{"@type":"WebPage","@id":"https:\/\/www.communitylegalclinic.ca\/fr\/a-propos\/nous-partageons-la-vision-daide-juridique-ontario\/","url":"https:\/\/www.communitylegalclinic.ca\/fr\/a-propos\/nous-partageons-la-vision-daide-juridique-ontario\/","name":"Nous partageons la vision d\u2019Aide juridique Ontario - Clinique Juridique Communautaire","isPartOf":{"@id":"https:\/\/www.communitylegalclinic.ca\/#website"},"datePublished":"2019-01-19T13:30:53+00:00","dateModified":"2019-01-19T20:08:10+00:00","breadcrumb":{"@id":"https:\/\/www.communitylegalclinic.ca\/fr\/a-propos\/nous-partageons-la-vision-daide-juridique-ontario\/#breadcrumb"},"inLanguage":"fr-FR","potentialAction":[{"@type":"ReadAction","target":["https:\/\/www.communitylegalclinic.ca\/fr\/a-propos\/nous-partageons-la-vision-daide-juridique-ontario\/"]}]},{"@type":"BreadcrumbList","@id":"https:\/\/www.communitylegalclinic.ca\/fr\/a-propos\/nous-partageons-la-vision-daide-juridique-ontario\/#breadcrumb","itemListElement":[{"@type":"ListItem","position":1,"name":"Home","item":"https:\/\/www.communitylegalclinic.ca\/fr\/"},{"@type":"ListItem","position":2,"name":"\u00c0 propos","item":"https:\/\/www.communitylegalclinic.ca\/fr\/a-propos\/"},{"@type":"ListItem","position":3,"name":"Nous partageons la vision d\u2019Aide juridique Ontario"}]},{"@type":"WebSite","@id":"https:\/\/www.communitylegalclinic.ca\/#website","url":"https:\/\/www.communitylegalclinic.ca\/","name":"Clinique Juridique Communautaire","description":"Simcoe, Haliburton and Kawartha Lakes","potentialAction":[{"@type":"SearchAction","target":{"@type":"EntryPoint","urlTemplate":"https:\/\/www.communitylegalclinic.ca\/?s={search_term_string}"},"query-input":{"@type":"PropertyValueSpecification","valueRequired":true,"valueName":"search_term_string"}}],"inLanguage":"fr-FR"}]}},"_links":{"self":[{"href":"https:\/\/www.communitylegalclinic.ca\/fr\/wp-json\/wp\/v2\/pages\/1115","targetHints":{"allow":["GET"]}}],"collection":[{"href":"https:\/\/www.communitylegalclinic.ca\/fr\/wp-json\/wp\/v2\/pages"}],"about":[{"href":"https:\/\/www.communitylegalclinic.ca\/fr\/wp-json\/wp\/v2\/types\/page"}],"author":[{"embeddable":true,"href":"https:\/\/www.communitylegalclinic.ca\/fr\/wp-json\/wp\/v2\/users\/2"}],"replies":[{"embeddable":true,"href":"https:\/\/www.communitylegalclinic.ca\/fr\/wp-json\/wp\/v2\/comments?post=1115"}],"version-history":[{"count":2,"href":"https:\/\/www.communitylegalclinic.ca\/fr\/wp-json\/wp\/v2\/pages\/1115\/revisions"}],"predecessor-version":[{"id":1170,"href":"https:\/\/www.communitylegalclinic.ca\/fr\/wp-json\/wp\/v2\/pages\/1115\/revisions\/1170"}],"up":[{"embeddable":true,"href":"https:\/\/www.communitylegalclinic.ca\/fr\/wp-json\/wp\/v2\/pages\/1111"}],"wp:attachment":[{"href":"https:\/\/www.communitylegalclinic.ca\/fr\/wp-json\/wp\/v2\/media?parent=1115"}],"curies":[{"name":"wp","href":"https:\/\/api.w.org\/{rel}","templated":true}]}}