{"id":1109,"date":"2019-01-19T08:22:13","date_gmt":"2019-01-19T13:22:13","guid":{"rendered":"http:\/\/simcoe.turnbull.co\/?page_id=1109"},"modified":"2019-03-13T13:35:25","modified_gmt":"2019-03-13T17:35:25","slug":"a-propos-de-la-clinique","status":"publish","type":"page","link":"https:\/\/www.communitylegalclinic.ca\/fr\/a-propos\/a-propos-de-la-clinique\/","title":{"rendered":"\u00c0 propos de la clinique"},"content":{"rendered":"<p>Depuis plus de trente-cinq ans, notre clinique juridique offre gratuitement ses services aux comt\u00e9s de Simcoe, Haliburton et Kawartha Lakes. Nous offrons des services juridiques aux personnes \u00e0 faible revenu et promouvons l\u2019acc\u00e8s \u00e0 la justice. Notre clinique juridique est une soci\u00e9t\u00e9 de bienfaisance financ\u00e9e par Aide Juridique Ontario et gouvern\u00e9e par un conseil d\u2019administration comprenant treize membres de la communaut\u00e9.<\/p>\n","protected":false},"excerpt":{"rendered":"<p>Depuis plus de trente-cinq ans, notre clinique juridique offre gratuitement ses services aux comt\u00e9s de Simcoe, Haliburton et Kawartha Lakes. Nous offrons des services juridiques aux personnes \u00e0 faible revenu et promouvons l\u2019acc\u00e8s \u00e0 la justice. Notre clinique juridique est une soci\u00e9t\u00e9 de bienfaisance financ\u00e9e par Aide Juridique Ontario et gouvern\u00e9e par un conseil d\u2019administration comprenant treize membres de la communaut\u00e9.<\/p>\n","protected":false},"author":2,"featured_media":0,"parent":1111,"menu_order":0,"comment_status":"closed","ping_status":"closed","template":"","meta":{"_bbp_topic_count":0,"_bbp_reply_count":0,"_bbp_total_topic_count":0,"_bbp_total_reply_count":0,"_bbp_voice_count":0,"_bbp_anonymous_reply_count":0,"_bbp_topic_count_hidden":0,"_bbp_reply_count_hidden":0,"_bbp_forum_subforum_count":0,"footnotes":""},"class_list":["post-1109","page","type-page","status-publish","hentry"],"yoast_head":"<!-- This site is optimized with the Yoast SEO plugin v27.0 - https:\/\/yoast.com\/product\/yoast-seo-wordpress\/ -->\n<title>\u00c0 propos de la clinique - Clinique Juridique Communautaire<\/title>\n<meta name=\"robots\" content=\"index, follow, max-snippet:-1, max-image-preview:large, max-video-preview:-1\" \/>\n<link rel=\"canonical\" href=\"https:\/\/www.communitylegalclinic.ca\/fr\/a-propos\/a-propos-de-la-clinique\/\" \/>\n<meta property=\"og:locale\" content=\"fr_FR\" \/>\n<meta property=\"og:type\" content=\"article\" \/>\n<meta property=\"og:title\" content=\"\u00c0 propos de la clinique - Clinique Juridique Communautaire\" \/>\n<meta property=\"og:description\" content=\"Depuis plus de trente-cinq ans, notre clinique juridique offre gratuitement ses services aux comt\u00e9s de Simcoe, Haliburton et Kawartha Lakes. Nous offrons des services juridiques aux personnes \u00e0 faible revenu et promouvons l\u2019acc\u00e8s \u00e0 la justice. Notre clinique juridique est une soci\u00e9t\u00e9 de bienfaisance financ\u00e9e par Aide Juridique Ontario et gouvern\u00e9e par un conseil d\u2019administration comprenant treize membres de la communaut\u00e9.\" \/>\n<meta property=\"og:url\" content=\"https:\/\/www.communitylegalclinic.ca\/fr\/a-propos\/a-propos-de-la-clinique\/\" \/>\n<meta property=\"og:site_name\" content=\"Clinique Juridique Communautaire\" \/>\n<meta property=\"article:modified_time\" content=\"2019-03-13T17:35:25+00:00\" \/>\n<meta name=\"twitter:card\" content=\"summary_large_image\" \/>\n<script type=\"application\/ld+json\" class=\"yoast-schema-graph\">{\"@context\":\"https:\/\/schema.org\",\"@graph\":[{\"@type\":\"WebPage\",\"@id\":\"https:\/\/www.communitylegalclinic.ca\/fr\/a-propos\/a-propos-de-la-clinique\/\",\"url\":\"https:\/\/www.communitylegalclinic.ca\/fr\/a-propos\/a-propos-de-la-clinique\/\",\"name\":\"\u00c0 propos de la clinique - Clinique Juridique Communautaire\",\"isPartOf\":{\"@id\":\"https:\/\/www.communitylegalclinic.ca\/#website\"},\"datePublished\":\"2019-01-19T13:22:13+00:00\",\"dateModified\":\"2019-03-13T17:35:25+00:00\",\"breadcrumb\":{\"@id\":\"https:\/\/www.communitylegalclinic.ca\/fr\/a-propos\/a-propos-de-la-clinique\/#breadcrumb\"},\"inLanguage\":\"fr-FR\",\"potentialAction\":[{\"@type\":\"ReadAction\",\"target\":[\"https:\/\/www.communitylegalclinic.ca\/fr\/a-propos\/a-propos-de-la-clinique\/\"]}]},{\"@type\":\"BreadcrumbList\",\"@id\":\"https:\/\/www.communitylegalclinic.ca\/fr\/a-propos\/a-propos-de-la-clinique\/#breadcrumb\",\"itemListElement\":[{\"@type\":\"ListItem\",\"position\":1,\"name\":\"Home\",\"item\":\"https:\/\/www.communitylegalclinic.ca\/fr\/\"},{\"@type\":\"ListItem\",\"position\":2,\"name\":\"\u00c0 propos\",\"item\":\"https:\/\/www.communitylegalclinic.ca\/fr\/a-propos\/\"},{\"@type\":\"ListItem\",\"position\":3,\"name\":\"\u00c0 propos de la clinique\"}]},{\"@type\":\"WebSite\",\"@id\":\"https:\/\/www.communitylegalclinic.ca\/#website\",\"url\":\"https:\/\/www.communitylegalclinic.ca\/\",\"name\":\"Clinique Juridique Communautaire\",\"description\":\"Simcoe, Haliburton and Kawartha Lakes\",\"potentialAction\":[{\"@type\":\"SearchAction\",\"target\":{\"@type\":\"EntryPoint\",\"urlTemplate\":\"https:\/\/www.communitylegalclinic.ca\/?s={search_term_string}\"},\"query-input\":{\"@type\":\"PropertyValueSpecification\",\"valueRequired\":true,\"valueName\":\"search_term_string\"}}],\"inLanguage\":\"fr-FR\"}]}<\/script>\n<!-- \/ Yoast SEO plugin. -->","yoast_head_json":{"title":"\u00c0 propos de la clinique - Clinique Juridique Communautaire","robots":{"index":"index","follow":"follow","max-snippet":"max-snippet:-1","max-image-preview":"max-image-preview:large","max-video-preview":"max-video-preview:-1"},"canonical":"https:\/\/www.communitylegalclinic.ca\/fr\/a-propos\/a-propos-de-la-clinique\/","og_locale":"fr_FR","og_type":"article","og_title":"\u00c0 propos de la clinique - Clinique Juridique Communautaire","og_description":"Depuis plus de trente-cinq ans, notre clinique juridique offre gratuitement ses services aux comt\u00e9s de Simcoe, Haliburton et Kawartha Lakes. Nous offrons des services juridiques aux personnes \u00e0 faible revenu et promouvons l\u2019acc\u00e8s \u00e0 la justice. Notre clinique juridique est une soci\u00e9t\u00e9 de bienfaisance financ\u00e9e par Aide Juridique Ontario et gouvern\u00e9e par un conseil d\u2019administration comprenant treize membres de la communaut\u00e9.","og_url":"https:\/\/www.communitylegalclinic.ca\/fr\/a-propos\/a-propos-de-la-clinique\/","og_site_name":"Clinique Juridique Communautaire","article_modified_time":"2019-03-13T17:35:25+00:00","twitter_card":"summary_large_image","schema":{"@context":"https:\/\/schema.org","@graph":[{"@type":"WebPage","@id":"https:\/\/www.communitylegalclinic.ca\/fr\/a-propos\/a-propos-de-la-clinique\/","url":"https:\/\/www.communitylegalclinic.ca\/fr\/a-propos\/a-propos-de-la-clinique\/","name":"\u00c0 propos de la clinique - Clinique Juridique Communautaire","isPartOf":{"@id":"https:\/\/www.communitylegalclinic.ca\/#website"},"datePublished":"2019-01-19T13:22:13+00:00","dateModified":"2019-03-13T17:35:25+00:00","breadcrumb":{"@id":"https:\/\/www.communitylegalclinic.ca\/fr\/a-propos\/a-propos-de-la-clinique\/#breadcrumb"},"inLanguage":"fr-FR","potentialAction":[{"@type":"ReadAction","target":["https:\/\/www.communitylegalclinic.ca\/fr\/a-propos\/a-propos-de-la-clinique\/"]}]},{"@type":"BreadcrumbList","@id":"https:\/\/www.communitylegalclinic.ca\/fr\/a-propos\/a-propos-de-la-clinique\/#breadcrumb","itemListElement":[{"@type":"ListItem","position":1,"name":"Home","item":"https:\/\/www.communitylegalclinic.ca\/fr\/"},{"@type":"ListItem","position":2,"name":"\u00c0 propos","item":"https:\/\/www.communitylegalclinic.ca\/fr\/a-propos\/"},{"@type":"ListItem","position":3,"name":"\u00c0 propos de la clinique"}]},{"@type":"WebSite","@id":"https:\/\/www.communitylegalclinic.ca\/#website","url":"https:\/\/www.communitylegalclinic.ca\/","name":"Clinique Juridique Communautaire","description":"Simcoe, Haliburton and Kawartha Lakes","potentialAction":[{"@type":"SearchAction","target":{"@type":"EntryPoint","urlTemplate":"https:\/\/www.communitylegalclinic.ca\/?s={search_term_string}"},"query-input":{"@type":"PropertyValueSpecification","valueRequired":true,"valueName":"search_term_string"}}],"inLanguage":"fr-FR"}]}},"_links":{"self":[{"href":"https:\/\/www.communitylegalclinic.ca\/fr\/wp-json\/wp\/v2\/pages\/1109","targetHints":{"allow":["GET"]}}],"collection":[{"href":"https:\/\/www.communitylegalclinic.ca\/fr\/wp-json\/wp\/v2\/pages"}],"about":[{"href":"https:\/\/www.communitylegalclinic.ca\/fr\/wp-json\/wp\/v2\/types\/page"}],"author":[{"embeddable":true,"href":"https:\/\/www.communitylegalclinic.ca\/fr\/wp-json\/wp\/v2\/users\/2"}],"replies":[{"embeddable":true,"href":"https:\/\/www.communitylegalclinic.ca\/fr\/wp-json\/wp\/v2\/comments?post=1109"}],"version-history":[{"count":2,"href":"https:\/\/www.communitylegalclinic.ca\/fr\/wp-json\/wp\/v2\/pages\/1109\/revisions"}],"predecessor-version":[{"id":1268,"href":"https:\/\/www.communitylegalclinic.ca\/fr\/wp-json\/wp\/v2\/pages\/1109\/revisions\/1268"}],"up":[{"embeddable":true,"href":"https:\/\/www.communitylegalclinic.ca\/fr\/wp-json\/wp\/v2\/pages\/1111"}],"wp:attachment":[{"href":"https:\/\/www.communitylegalclinic.ca\/fr\/wp-json\/wp\/v2\/media?parent=1109"}],"curies":[{"name":"wp","href":"https:\/\/api.w.org\/{rel}","templated":true}]}}